{"id":768,"date":"2023-09-15T16:46:08","date_gmt":"2023-09-15T16:46:08","guid":{"rendered":"https:\/\/hospicesenb.ca\/?page_id=768"},"modified":"2024-12-04T20:50:55","modified_gmt":"2024-12-04T20:50:55","slug":"grief-and-bereavement-support","status":"publish","type":"page","link":"https:\/\/hospicesenb.ca\/fr_ca\/community-programs\/grief-and-bereavement-support\/","title":{"rendered":"Soutien Au Deuil."},"content":{"rendered":"<div data-elementor-type=\"wp-page\" data-elementor-id=\"768\" class=\"elementor elementor-768\" data-elementor-post-type=\"page\">\n\t\t\t\t\t\t<section class=\"elementor-section elementor-top-section elementor-element elementor-element-de37974 elementor-section-height-min-height elementor-section-boxed elementor-section-height-default elementor-section-items-middle\" data-id=\"de37974\" data-element_type=\"section\" data-e-type=\"section\" data-settings=\"{&quot;background_background&quot;:&quot;classic&quot;}\">\n\t\t\t\t\t\t\t<div class=\"elementor-background-overlay\"><\/div>\n\t\t\t\t\t\t\t<div class=\"elementor-container elementor-column-gap-default\">\n\t\t\t\t\t<div class=\"elementor-column elementor-col-100 elementor-top-column elementor-element elementor-element-ce46c39\" data-id=\"ce46c39\" data-element_type=\"column\" data-e-type=\"column\">\n\t\t\t<div class=\"elementor-widget-wrap elementor-element-populated\">\n\t\t\t\t\t\t<div class=\"elementor-element elementor-element-6ff8cf8 elementor-widget elementor-widget-woocommerce-breadcrumb\" data-id=\"6ff8cf8\" data-element_type=\"widget\" data-e-type=\"widget\" data-widget_type=\"woocommerce-breadcrumb.default\">\n\t\t\t\t<div class=\"elementor-widget-container\">\n\t\t\t\t\t<nav class=\"woocommerce-breadcrumb\" aria-label=\"Breadcrumb\" data-no-translation=\"\" data-trp-gettext=\"\">Accueil<\/nav>\t\t\t\t<\/div>\n\t\t\t\t<\/div>\n\t\t\t\t\t<\/div>\n\t\t<\/div>\n\t\t\t\t\t<\/div>\n\t\t<\/section>\n\t\t\t\t<section class=\"elementor-section elementor-top-section elementor-element elementor-element-376578f envato-kit-141-top-0 elementor-reverse-mobile elementor-section-boxed elementor-section-height-default elementor-section-height-default\" data-id=\"376578f\" data-element_type=\"section\" data-e-type=\"section\" data-settings=\"{&quot;background_background&quot;:&quot;classic&quot;}\">\n\t\t\t\t\t\t\t<div class=\"elementor-background-overlay\"><\/div>\n\t\t\t\t\t\t\t<div class=\"elementor-container elementor-column-gap-wider\">\n\t\t\t\t\t<div class=\"elementor-column elementor-col-50 elementor-top-column elementor-element elementor-element-7cac851\" data-id=\"7cac851\" data-element_type=\"column\" data-e-type=\"column\">\n\t\t\t<div class=\"elementor-widget-wrap elementor-element-populated\">\n\t\t\t\t\t\t<div class=\"elementor-element elementor-element-16e5245 elementor-invisible elementor-widget elementor-widget-image\" data-id=\"16e5245\" data-element_type=\"widget\" data-e-type=\"widget\" data-settings=\"{&quot;_animation&quot;:&quot;fadeInLeft&quot;}\" data-widget_type=\"image.default\">\n\t\t\t\t<div class=\"elementor-widget-container\">\n\t\t\t\t\t\t\t\t\t\t\t\t\t\t\t<img fetchpriority=\"high\" decoding=\"async\" width=\"768\" height=\"595\" src=\"https:\/\/hospicesenb.ca\/wp-content\/uploads\/2023\/11\/img-7-768x595.webp\" class=\"attachment-medium_large size-medium_large wp-image-5397\" alt=\"Supportive hospice community\" srcset=\"https:\/\/hospicesenb.ca\/wp-content\/uploads\/2023\/11\/img-7-768x595.webp 768w, https:\/\/hospicesenb.ca\/wp-content\/uploads\/2023\/11\/img-7-300x232.webp 300w, https:\/\/hospicesenb.ca\/wp-content\/uploads\/2023\/11\/img-7-1024x793.webp 1024w, https:\/\/hospicesenb.ca\/wp-content\/uploads\/2023\/11\/img-7-1536x1189.webp 1536w, https:\/\/hospicesenb.ca\/wp-content\/uploads\/2023\/11\/img-7-2048x1586.webp 2048w, https:\/\/hospicesenb.ca\/wp-content\/uploads\/2023\/11\/img-7-600x465.webp 600w\" sizes=\"(max-width: 768px) 100vw, 768px\" \/>\t\t\t\t\t\t\t\t\t\t\t\t\t\t\t<\/div>\n\t\t\t\t<\/div>\n\t\t\t\t\t<\/div>\n\t\t<\/div>\n\t\t\t\t<div class=\"elementor-column elementor-col-50 elementor-top-column elementor-element elementor-element-b68c019\" data-id=\"b68c019\" data-element_type=\"column\" data-e-type=\"column\">\n\t\t\t<div class=\"elementor-widget-wrap elementor-element-populated\">\n\t\t\t\t\t\t<div class=\"elementor-element elementor-element-406f938 elementor-widget elementor-widget-elementskit-heading\" data-id=\"406f938\" data-element_type=\"widget\" data-e-type=\"widget\" data-widget_type=\"elementskit-heading.default\">\n\t\t\t\t<div class=\"elementor-widget-container\">\n\t\t\t\t\t<div class=\"ekit-wid-con\" ><div class=\"ekit-heading elementskit-section-title-wraper center   ekit_heading_tablet-   ekit_heading_mobile-\"><h3 class=\"ekit-heading--title elementskit-section-title\">Soutien au Deuil.<\/h3><div class=\"ekit_heading_separetor_wraper ekit_heading_elementskit-border-divider elementskit-style-long\"><div class=\"elementskit-border-divider elementskit-style-long\"><\/div><\/div>\t\t\t\t<div class='ekit-heading__description'>\n\t\t\t\t\t<p>Des b\u00e9n\u00e9voles de l'Hospice SENB animent des groupes de soutien pars les pairs d'une dur\u00e9e de sept semaines pour aider les personnes en deuil. L'Hospice SENB offre aussi r\u00e9guli\u00e8rement des activit\u00e9s sp\u00e9ciales sur le deuil, comme le Caf\u00e9 de la mort, Marcher avec le deuil, les s\u00e9ances Faire face au deuil pendant les f\u00eates, une c\u00e9r\u00e9monie annuelle de comm\u00e9moration, et plus encore.\u00a0<\/p>\n<p>Consultez l&#039; <strong><a href=\"https:\/\/r6c.868.myftpupload.com\/events\/\">calendrier communautaire<\/a><\/strong> pour plus d&#039;informations<\/p>\n\t\t\t\t<\/div>\n\t\t\t<\/div><\/div>\t\t\t\t<\/div>\n\t\t\t\t<\/div>\n\t\t\t\t\t<\/div>\n\t\t<\/div>\n\t\t\t\t\t<\/div>\n\t\t<\/section>\n\t\t\t\t<section class=\"elementor-section elementor-top-section elementor-element elementor-element-0cf2371 elementor-section-boxed elementor-section-height-default elementor-section-height-default\" data-id=\"0cf2371\" data-element_type=\"section\" data-e-type=\"section\" data-settings=\"{&quot;background_background&quot;:&quot;classic&quot;}\">\n\t\t\t\t\t\t\t<div class=\"elementor-background-overlay\"><\/div>\n\t\t\t\t\t\t\t<div class=\"elementor-container elementor-column-gap-default\">\n\t\t\t\t\t<div class=\"elementor-column elementor-col-50 elementor-top-column elementor-element elementor-element-78eb149 elementor-hidden-mobile\" data-id=\"78eb149\" data-element_type=\"column\" data-e-type=\"column\">\n\t\t\t<div class=\"elementor-widget-wrap\">\n\t\t\t\t\t\t\t<\/div>\n\t\t<\/div>\n\t\t\t\t<div class=\"elementor-column elementor-col-50 elementor-top-column elementor-element elementor-element-837cbde\" data-id=\"837cbde\" data-element_type=\"column\" data-e-type=\"column\">\n\t\t\t<div class=\"elementor-widget-wrap elementor-element-populated\">\n\t\t\t\t\t\t<div class=\"elementor-element elementor-element-7001311 elementor-widget elementor-widget-heading\" data-id=\"7001311\" data-element_type=\"widget\" data-e-type=\"widget\" data-widget_type=\"heading.default\">\n\t\t\t\t<div class=\"elementor-widget-container\">\n\t\t\t\t\t<h3 class=\"elementor-heading-title elementor-size-default\">Comment Obtenir Commenc\u00e9<\/h3>\t\t\t\t<\/div>\n\t\t\t\t<\/div>\n\t\t\t\t<div class=\"elementor-element elementor-element-d31b844 elementor-widget elementor-widget-text-editor\" data-id=\"d31b844\" data-element_type=\"widget\" data-e-type=\"widget\" data-widget_type=\"text-editor.default\">\n\t\t\t\t<div class=\"elementor-widget-container\">\n\t\t\t\t\t\t\t\t\t<p>En cherchant du soutien au cours de votre cheminement de deuil est une \u00e9tape importante. Si vous ou quelqu&#039;un que vous connaissez est dans le besoin de chagrin et de soutien en cas de deuil, s&#039;il vous pla\u00eet n&#039;h\u00e9sitez pas \u00e0 contacter l&#039;Hospice SENB. Notre \u00e9quipe est l\u00e0 pour vous aider et vous orienter vers les services qui seront les plus b\u00e9n\u00e9fiques.<\/p><p>Pour en savoir plus ou pour vous inscrire, veuillez contacter le 506-797-0011 ou info@HospiceSENB.ca.<\/p>\t\t\t\t\t\t\t\t<\/div>\n\t\t\t\t<\/div>\n\t\t\t\t<div class=\"elementor-element elementor-element-11aabb6 elementor-widget elementor-widget-button\" data-id=\"11aabb6\" data-element_type=\"widget\" data-e-type=\"widget\" data-widget_type=\"button.default\">\n\t\t\t\t<div class=\"elementor-widget-container\">\n\t\t\t\t\t\t\t\t\t<div class=\"elementor-button-wrapper\">\n\t\t\t\t\t<a class=\"elementor-button elementor-button-link elementor-size-sm elementor-animation-float\" href=\"https:\/\/hospicesenb.ca\/fr_ca\/events\/\">\n\t\t\t\t\t\t<span class=\"elementor-button-content-wrapper\">\n\t\t\t\t\t\t\t\t\t<span class=\"elementor-button-text\">VOIR LE CALENDRIER COMMUNAUTAIRE<\/span>\n\t\t\t\t\t<\/span>\n\t\t\t\t\t<\/a>\n\t\t\t\t<\/div>\n\t\t\t\t\t\t\t\t<\/div>\n\t\t\t\t<\/div>\n\t\t\t\t\t<\/div>\n\t\t<\/div>\n\t\t\t\t\t<\/div>\n\t\t<\/section>\n\t\t\t\t<\/div>","protected":false},"excerpt":{"rendered":"<p>Grief and Bereavement Support Hospice SENB trained volunteers facilitate 7-week peer-to-peer support groups to help those experiencing grief. Hospice SENB also regularly offers special grief activities such as Death Caf\u00e9, [&hellip;]<\/p>\n","protected":false},"author":3,"featured_media":5398,"parent":252,"menu_order":0,"comment_status":"closed","ping_status":"closed","template":"elementor_header_footer","meta":{"footnotes":""},"class_list":["post-768","page","type-page","status-publish","has-post-thumbnail","hentry"],"yoast_head":"<!-- This site is optimized with the Yoast SEO plugin v27.5 - https:\/\/yoast.com\/product\/yoast-seo-wordpress\/ -->\n<title>Grief And Bereavement Support - Hospice SENB<\/title>\n<meta name=\"robots\" content=\"index, follow, max-snippet:-1, max-image-preview:large, max-video-preview:-1\" \/>\n<link rel=\"canonical\" href=\"https:\/\/hospicesenb.ca\/fr_ca\/community-programs\/grief-and-bereavement-support\/\" \/>\n<meta property=\"og:locale\" content=\"fr_CA\" \/>\n<meta property=\"og:type\" content=\"article\" \/>\n<meta property=\"og:title\" content=\"Grief And Bereavement Support - Hospice SENB\" \/>\n<meta property=\"og:description\" content=\"Grief and Bereavement Support Hospice SENB trained volunteers facilitate 7-week peer-to-peer support groups to help those experiencing grief. Hospice SENB also regularly offers special grief activities such as Death Caf\u00e9, [&hellip;]\" \/>\n<meta property=\"og:url\" content=\"https:\/\/hospicesenb.ca\/fr_ca\/community-programs\/grief-and-bereavement-support\/\" \/>\n<meta property=\"og:site_name\" content=\"Hospice SENB\" \/>\n<meta property=\"article:modified_time\" content=\"2024-12-04T20:50:55+00:00\" \/>\n<meta property=\"og:image\" content=\"https:\/\/hospicesenb.ca\/wp-content\/uploads\/2023\/11\/img-8-scaled.webp\" \/>\n\t<meta property=\"og:image:width\" content=\"2560\" \/>\n\t<meta property=\"og:image:height\" content=\"2023\" \/>\n\t<meta property=\"og:image:type\" content=\"image\/webp\" \/>\n<meta name=\"twitter:card\" content=\"summary_large_image\" \/>\n<meta name=\"twitter:label1\" content=\"Estimation du temps de lecture\" \/>\n\t<meta name=\"twitter:data1\" content=\"1 minute\" \/>\n<script type=\"application\/ld+json\" class=\"yoast-schema-graph\">{\"@context\":\"https:\\\/\\\/schema.org\",\"@graph\":[{\"@type\":\"WebPage\",\"@id\":\"https:\\\/\\\/hospicesenb.ca\\\/community-programs\\\/grief-and-bereavement-support\\\/\",\"url\":\"https:\\\/\\\/hospicesenb.ca\\\/community-programs\\\/grief-and-bereavement-support\\\/\",\"name\":\"Grief And Bereavement Support - Hospice SENB\",\"isPartOf\":{\"@id\":\"https:\\\/\\\/hospicesenb.ca\\\/#website\"},\"primaryImageOfPage\":{\"@id\":\"https:\\\/\\\/hospicesenb.ca\\\/community-programs\\\/grief-and-bereavement-support\\\/#primaryimage\"},\"image\":{\"@id\":\"https:\\\/\\\/hospicesenb.ca\\\/community-programs\\\/grief-and-bereavement-support\\\/#primaryimage\"},\"thumbnailUrl\":\"https:\\\/\\\/hospicesenb.ca\\\/wp-content\\\/uploads\\\/2023\\\/11\\\/img-8-scaled.webp\",\"datePublished\":\"2023-09-15T16:46:08+00:00\",\"dateModified\":\"2024-12-04T20:50:55+00:00\",\"breadcrumb\":{\"@id\":\"https:\\\/\\\/hospicesenb.ca\\\/community-programs\\\/grief-and-bereavement-support\\\/#breadcrumb\"},\"inLanguage\":\"fr-CA\",\"potentialAction\":[{\"@type\":\"ReadAction\",\"target\":[\"https:\\\/\\\/hospicesenb.ca\\\/community-programs\\\/grief-and-bereavement-support\\\/\"]}]},{\"@type\":\"ImageObject\",\"inLanguage\":\"fr-CA\",\"@id\":\"https:\\\/\\\/hospicesenb.ca\\\/community-programs\\\/grief-and-bereavement-support\\\/#primaryimage\",\"url\":\"https:\\\/\\\/hospicesenb.ca\\\/wp-content\\\/uploads\\\/2023\\\/11\\\/img-8-scaled.webp\",\"contentUrl\":\"https:\\\/\\\/hospicesenb.ca\\\/wp-content\\\/uploads\\\/2023\\\/11\\\/img-8-scaled.webp\",\"width\":2560,\"height\":2023,\"caption\":\"Comforting end-of-life support\"},{\"@type\":\"BreadcrumbList\",\"@id\":\"https:\\\/\\\/hospicesenb.ca\\\/community-programs\\\/grief-and-bereavement-support\\\/#breadcrumb\",\"itemListElement\":[{\"@type\":\"ListItem\",\"position\":1,\"name\":\"Home\",\"item\":\"https:\\\/\\\/hospicesenb.ca\\\/\"},{\"@type\":\"ListItem\",\"position\":2,\"name\":\"Community Programs\",\"item\":\"https:\\\/\\\/hospicesenb.ca\\\/community-programs\\\/\"},{\"@type\":\"ListItem\",\"position\":3,\"name\":\"Grief And Bereavement Support\"}]},{\"@type\":\"WebSite\",\"@id\":\"https:\\\/\\\/hospicesenb.ca\\\/#website\",\"url\":\"https:\\\/\\\/hospicesenb.ca\\\/\",\"name\":\"Hospice SENB\",\"description\":\"\",\"publisher\":{\"@id\":\"https:\\\/\\\/hospicesenb.ca\\\/#organization\"},\"potentialAction\":[{\"@type\":\"SearchAction\",\"target\":{\"@type\":\"EntryPoint\",\"urlTemplate\":\"https:\\\/\\\/hospicesenb.ca\\\/?s={search_term_string}\"},\"query-input\":{\"@type\":\"PropertyValueSpecification\",\"valueRequired\":true,\"valueName\":\"search_term_string\"}}],\"inLanguage\":\"fr-CA\"},{\"@type\":\"Organization\",\"@id\":\"https:\\\/\\\/hospicesenb.ca\\\/#organization\",\"name\":\"Hospice SENB\",\"url\":\"https:\\\/\\\/hospicesenb.ca\\\/\",\"logo\":{\"@type\":\"ImageObject\",\"inLanguage\":\"fr-CA\",\"@id\":\"https:\\\/\\\/hospicesenb.ca\\\/#\\\/schema\\\/logo\\\/image\\\/\",\"url\":\"https:\\\/\\\/hospicesenb.ca\\\/wp-content\\\/uploads\\\/2023\\\/09\\\/Hospice-Logo-Dark.webp\",\"contentUrl\":\"https:\\\/\\\/hospicesenb.ca\\\/wp-content\\\/uploads\\\/2023\\\/09\\\/Hospice-Logo-Dark.webp\",\"width\":578,\"height\":336,\"caption\":\"Hospice SENB\"},\"image\":{\"@id\":\"https:\\\/\\\/hospicesenb.ca\\\/#\\\/schema\\\/logo\\\/image\\\/\"}}]}<\/script>\n<!-- \/ Yoast SEO plugin. -->","yoast_head_json":{"title":"Grief And Bereavement Support - Hospice SENB","robots":{"index":"index","follow":"follow","max-snippet":"max-snippet:-1","max-image-preview":"max-image-preview:large","max-video-preview":"max-video-preview:-1"},"canonical":"https:\/\/hospicesenb.ca\/fr_ca\/community-programs\/grief-and-bereavement-support\/","og_locale":"fr_CA","og_type":"article","og_title":"Grief And Bereavement Support - Hospice SENB","og_description":"Grief and Bereavement Support Hospice SENB trained volunteers facilitate 7-week peer-to-peer support groups to help those experiencing grief. Hospice SENB also regularly offers special grief activities such as Death Caf\u00e9, [&hellip;]","og_url":"https:\/\/hospicesenb.ca\/fr_ca\/community-programs\/grief-and-bereavement-support\/","og_site_name":"Hospice SENB","article_modified_time":"2024-12-04T20:50:55+00:00","og_image":[{"width":2560,"height":2023,"url":"https:\/\/hospicesenb.ca\/wp-content\/uploads\/2023\/11\/img-8-scaled.webp","type":"image\/webp"}],"twitter_card":"summary_large_image","twitter_misc":{"Estimation du temps de lecture":"1 minute"},"schema":{"@context":"https:\/\/schema.org","@graph":[{"@type":"WebPage","@id":"https:\/\/hospicesenb.ca\/community-programs\/grief-and-bereavement-support\/","url":"https:\/\/hospicesenb.ca\/community-programs\/grief-and-bereavement-support\/","name":"Grief And Bereavement Support - Hospice SENB","isPartOf":{"@id":"https:\/\/hospicesenb.ca\/#website"},"primaryImageOfPage":{"@id":"https:\/\/hospicesenb.ca\/community-programs\/grief-and-bereavement-support\/#primaryimage"},"image":{"@id":"https:\/\/hospicesenb.ca\/community-programs\/grief-and-bereavement-support\/#primaryimage"},"thumbnailUrl":"https:\/\/hospicesenb.ca\/wp-content\/uploads\/2023\/11\/img-8-scaled.webp","datePublished":"2023-09-15T16:46:08+00:00","dateModified":"2024-12-04T20:50:55+00:00","breadcrumb":{"@id":"https:\/\/hospicesenb.ca\/community-programs\/grief-and-bereavement-support\/#breadcrumb"},"inLanguage":"fr-CA","potentialAction":[{"@type":"ReadAction","target":["https:\/\/hospicesenb.ca\/community-programs\/grief-and-bereavement-support\/"]}]},{"@type":"ImageObject","inLanguage":"fr-CA","@id":"https:\/\/hospicesenb.ca\/community-programs\/grief-and-bereavement-support\/#primaryimage","url":"https:\/\/hospicesenb.ca\/wp-content\/uploads\/2023\/11\/img-8-scaled.webp","contentUrl":"https:\/\/hospicesenb.ca\/wp-content\/uploads\/2023\/11\/img-8-scaled.webp","width":2560,"height":2023,"caption":"Comforting end-of-life support"},{"@type":"BreadcrumbList","@id":"https:\/\/hospicesenb.ca\/community-programs\/grief-and-bereavement-support\/#breadcrumb","itemListElement":[{"@type":"ListItem","position":1,"name":"Home","item":"https:\/\/hospicesenb.ca\/"},{"@type":"ListItem","position":2,"name":"Community Programs","item":"https:\/\/hospicesenb.ca\/community-programs\/"},{"@type":"ListItem","position":3,"name":"Grief And Bereavement Support"}]},{"@type":"WebSite","@id":"https:\/\/hospicesenb.ca\/#website","url":"https:\/\/hospicesenb.ca\/","name":"Hospice SENB","description":"","publisher":{"@id":"https:\/\/hospicesenb.ca\/#organization"},"potentialAction":[{"@type":"SearchAction","target":{"@type":"EntryPoint","urlTemplate":"https:\/\/hospicesenb.ca\/?s={search_term_string}"},"query-input":{"@type":"PropertyValueSpecification","valueRequired":true,"valueName":"search_term_string"}}],"inLanguage":"fr-CA"},{"@type":"Organization","@id":"https:\/\/hospicesenb.ca\/#organization","name":"Hospice SENB","url":"https:\/\/hospicesenb.ca\/","logo":{"@type":"ImageObject","inLanguage":"fr-CA","@id":"https:\/\/hospicesenb.ca\/#\/schema\/logo\/image\/","url":"https:\/\/hospicesenb.ca\/wp-content\/uploads\/2023\/09\/Hospice-Logo-Dark.webp","contentUrl":"https:\/\/hospicesenb.ca\/wp-content\/uploads\/2023\/09\/Hospice-Logo-Dark.webp","width":578,"height":336,"caption":"Hospice SENB"},"image":{"@id":"https:\/\/hospicesenb.ca\/#\/schema\/logo\/image\/"}}]}},"_links":{"self":[{"href":"https:\/\/hospicesenb.ca\/fr_ca\/wp-json\/wp\/v2\/pages\/768","targetHints":{"allow":["GET"]}}],"collection":[{"href":"https:\/\/hospicesenb.ca\/fr_ca\/wp-json\/wp\/v2\/pages"}],"about":[{"href":"https:\/\/hospicesenb.ca\/fr_ca\/wp-json\/wp\/v2\/types\/page"}],"author":[{"embeddable":true,"href":"https:\/\/hospicesenb.ca\/fr_ca\/wp-json\/wp\/v2\/users\/3"}],"replies":[{"embeddable":true,"href":"https:\/\/hospicesenb.ca\/fr_ca\/wp-json\/wp\/v2\/comments?post=768"}],"version-history":[{"count":49,"href":"https:\/\/hospicesenb.ca\/fr_ca\/wp-json\/wp\/v2\/pages\/768\/revisions"}],"predecessor-version":[{"id":15122,"href":"https:\/\/hospicesenb.ca\/fr_ca\/wp-json\/wp\/v2\/pages\/768\/revisions\/15122"}],"up":[{"embeddable":true,"href":"https:\/\/hospicesenb.ca\/fr_ca\/wp-json\/wp\/v2\/pages\/252"}],"wp:featuredmedia":[{"embeddable":true,"href":"https:\/\/hospicesenb.ca\/fr_ca\/wp-json\/wp\/v2\/media\/5398"}],"wp:attachment":[{"href":"https:\/\/hospicesenb.ca\/fr_ca\/wp-json\/wp\/v2\/media?parent=768"}],"curies":[{"name":"wp","href":"https:\/\/api.w.org\/{rel}","templated":true}]}}