{"id":705,"date":"2023-09-15T16:05:58","date_gmt":"2023-09-15T16:05:58","guid":{"rendered":"https:\/\/hospicesenb.ca\/?page_id=705"},"modified":"2026-03-06T12:54:22","modified_gmt":"2026-03-06T12:54:22","slug":"for-the-public","status":"publish","type":"page","link":"https:\/\/hospicesenb.ca\/fr_ca\/community-programs\/for-the-public\/","title":{"rendered":"Pour le Public"},"content":{"rendered":"<div data-elementor-type=\"wp-page\" data-elementor-id=\"705\" class=\"elementor elementor-705\" data-elementor-post-type=\"page\">\n\t\t\t\t\t\t<section class=\"elementor-section elementor-top-section elementor-element elementor-element-db1067f elementor-section-height-min-height elementor-section-boxed elementor-section-height-default elementor-section-items-middle\" data-id=\"db1067f\" data-element_type=\"section\" data-e-type=\"section\" data-settings=\"{&quot;background_background&quot;:&quot;classic&quot;}\">\n\t\t\t\t\t\t\t<div class=\"elementor-background-overlay\"><\/div>\n\t\t\t\t\t\t\t<div class=\"elementor-container elementor-column-gap-default\">\n\t\t\t\t\t<div class=\"elementor-column elementor-col-100 elementor-top-column elementor-element elementor-element-d0e3060\" data-id=\"d0e3060\" data-element_type=\"column\" data-e-type=\"column\">\n\t\t\t<div class=\"elementor-widget-wrap elementor-element-populated\">\n\t\t\t\t\t\t<div class=\"elementor-element elementor-element-981973d elementor-widget elementor-widget-woocommerce-breadcrumb\" data-id=\"981973d\" data-element_type=\"widget\" data-e-type=\"widget\" data-widget_type=\"woocommerce-breadcrumb.default\">\n\t\t\t\t<div class=\"elementor-widget-container\">\n\t\t\t\t\t<nav class=\"woocommerce-breadcrumb\" aria-label=\"Breadcrumb\" data-no-translation=\"\" data-trp-gettext=\"\">Accueil<\/nav>\t\t\t\t<\/div>\n\t\t\t\t<\/div>\n\t\t\t\t\t<\/div>\n\t\t<\/div>\n\t\t\t\t\t<\/div>\n\t\t<\/section>\n\t\t\t\t<section class=\"elementor-section elementor-top-section elementor-element elementor-element-8d564d8 elementor-section-content-middle envato-kit-141-top-0 elementor-section-boxed elementor-section-height-default elementor-section-height-default\" data-id=\"8d564d8\" data-element_type=\"section\" data-e-type=\"section\" data-settings=\"{&quot;background_background&quot;:&quot;classic&quot;}\">\n\t\t\t\t\t\t\t<div class=\"elementor-background-overlay\"><\/div>\n\t\t\t\t\t\t\t<div class=\"elementor-container elementor-column-gap-wide\">\n\t\t\t\t\t<div class=\"elementor-column elementor-col-100 elementor-top-column elementor-element elementor-element-c7e84c3\" data-id=\"c7e84c3\" data-element_type=\"column\" data-e-type=\"column\">\n\t\t\t<div class=\"elementor-widget-wrap elementor-element-populated\">\n\t\t\t\t\t\t<div class=\"elementor-element elementor-element-8c34f18 elementor-widget elementor-widget-elementskit-heading\" data-id=\"8c34f18\" data-element_type=\"widget\" data-e-type=\"widget\" data-widget_type=\"elementskit-heading.default\">\n\t\t\t\t<div class=\"elementor-widget-container\">\n\t\t\t\t\t<div class=\"ekit-wid-con\" ><div class=\"ekit-heading elementskit-section-title-wraper center   ekit_heading_tablet-   ekit_heading_mobile-\"><span class=\"elementskit-section-subtitle\">\n\t\t\t\t\t\tRessources\n\t\t\t\t\t<\/span><h3 class=\"ekit-heading--title elementskit-section-title\">Grand Public<\/h3><div class=\"ekit_heading_separetor_wraper ekit_heading_elementskit-border-divider elementskit-style-long\"><div class=\"elementskit-border-divider elementskit-style-long\"><\/div><\/div><\/div><\/div>\t\t\t\t<\/div>\n\t\t\t\t<\/div>\n\t\t\t\t<section class=\"elementor-section elementor-inner-section elementor-element elementor-element-0c9c988 elementor-section-boxed elementor-section-height-default elementor-section-height-default elementor-invisible\" data-id=\"0c9c988\" data-element_type=\"section\" data-e-type=\"section\" data-settings=\"{&quot;animation&quot;:&quot;fadeInUp&quot;}\">\n\t\t\t\t\t\t<div class=\"elementor-container elementor-column-gap-default\">\n\t\t\t\t\t<div class=\"elementor-column elementor-col-100 elementor-inner-column elementor-element elementor-element-e1cc3ac\" data-id=\"e1cc3ac\" data-element_type=\"column\" data-e-type=\"column\" data-settings=\"{&quot;background_background&quot;:&quot;classic&quot;}\">\n\t\t\t<div class=\"elementor-widget-wrap elementor-element-populated\">\n\t\t\t\t\t\t<div class=\"elementor-element elementor-element-127db7f elementor-icon-list--layout-traditional elementor-list-item-link-full_width elementor-widget elementor-widget-icon-list\" data-id=\"127db7f\" data-element_type=\"widget\" data-e-type=\"widget\" data-widget_type=\"icon-list.default\">\n\t\t\t\t<div class=\"elementor-widget-container\">\n\t\t\t\t\t\t\t<ul class=\"elementor-icon-list-items\">\n\t\t\t\t\t\t\t<li class=\"elementor-icon-list-item\">\n\t\t\t\t\t\t\t\t\t\t\t<a href=\"https:\/\/www.chpca.ca\/about-hpc\/\" target=\"_blank\" rel=\"nofollow\">\n\n\t\t\t\t\t\t\t\t\t\t\t\t<span class=\"elementor-icon-list-icon\">\n\t\t\t\t\t\t\t<i aria-hidden=\"true\" class=\"rtmicon rtmicon-Site-Logo\"><\/i>\t\t\t\t\t\t<\/span>\n\t\t\t\t\t\t\t\t\t\t<span class=\"elementor-icon-list-text\">Association Canadienne De Soins Palliatifs<\/span>\n\t\t\t\t\t\t\t\t\t\t\t<\/a>\n\t\t\t\t\t\t\t\t\t<\/li>\n\t\t\t\t\t\t\t\t<li class=\"elementor-icon-list-item\">\n\t\t\t\t\t\t\t\t\t\t\t<a href=\"https:\/\/www.virtualhospice.ca\/\" target=\"_blank\" rel=\"nofollow\">\n\n\t\t\t\t\t\t\t\t\t\t\t\t<span class=\"elementor-icon-list-icon\">\n\t\t\t\t\t\t\t<i aria-hidden=\"true\" class=\"rtmicon rtmicon-Site-Logo\"><\/i>\t\t\t\t\t\t<\/span>\n\t\t\t\t\t\t\t\t\t\t<span class=\"elementor-icon-list-text\">Portail Canadien En Soins Palliatifs <\/span>\n\t\t\t\t\t\t\t\t\t\t\t<\/a>\n\t\t\t\t\t\t\t\t\t<\/li>\n\t\t\t\t\t\t\t\t<li class=\"elementor-icon-list-item\">\n\t\t\t\t\t\t\t\t\t\t\t<a href=\"https:\/\/www.vitalitenb.ca\/en\/patients\/end-life-care\/palliative-care\" target=\"_blank\" rel=\"nofollow\">\n\n\t\t\t\t\t\t\t\t\t\t\t\t<span class=\"elementor-icon-list-icon\">\n\t\t\t\t\t\t\t<i aria-hidden=\"true\" class=\"rtmicon rtmicon-Site-Logo\"><\/i>\t\t\t\t\t\t<\/span>\n\t\t\t\t\t\t\t\t\t\t<span class=\"elementor-icon-list-text\">Le R\u00e9seau De Sant\u00e9 Vitalit\u00e9 <\/span>\n\t\t\t\t\t\t\t\t\t\t\t<\/a>\n\t\t\t\t\t\t\t\t\t<\/li>\n\t\t\t\t\t\t\t\t<li class=\"elementor-icon-list-item\">\n\t\t\t\t\t\t\t\t\t\t\t<a href=\"https:\/\/horizonnb.ca\/services\/health-and-aging-seniors-health\/palliative-care\/\" target=\"_blank\" rel=\"nofollow\">\n\n\t\t\t\t\t\t\t\t\t\t\t\t<span class=\"elementor-icon-list-icon\">\n\t\t\t\t\t\t\t<i aria-hidden=\"true\" class=\"rtmicon rtmicon-Site-Logo\"><\/i>\t\t\t\t\t\t<\/span>\n\t\t\t\t\t\t\t\t\t\t<span class=\"elementor-icon-list-text\">R\u00e9seau De Sant\u00e9 Horizon<\/span>\n\t\t\t\t\t\t\t\t\t\t\t<\/a>\n\t\t\t\t\t\t\t\t\t<\/li>\n\t\t\t\t\t\t\t\t<li class=\"elementor-icon-list-item\">\n\t\t\t\t\t\t\t\t\t\t\t<a href=\"https:\/\/nbhpca-aspnb.ca\/\" target=\"_blank\" rel=\"nofollow\">\n\n\t\t\t\t\t\t\t\t\t\t\t\t<span class=\"elementor-icon-list-icon\">\n\t\t\t\t\t\t\t<i aria-hidden=\"true\" class=\"rtmicon rtmicon-Site-Logo\"><\/i>\t\t\t\t\t\t<\/span>\n\t\t\t\t\t\t\t\t\t\t<span class=\"elementor-icon-list-text\">Le Nouveau-Brunswick Association Des Soins Palliatifs<\/span>\n\t\t\t\t\t\t\t\t\t\t\t<\/a>\n\t\t\t\t\t\t\t\t\t<\/li>\n\t\t\t\t\t\t\t\t<li class=\"elementor-icon-list-item\">\n\t\t\t\t\t\t\t\t\t\t\t<a href=\"https:\/\/ledeuil.ca\/\" target=\"_blank\" rel=\"nofollow\">\n\n\t\t\t\t\t\t\t\t\t\t\t\t<span class=\"elementor-icon-list-icon\">\n\t\t\t\t\t\t\t<i aria-hidden=\"true\" class=\"rtmicon rtmicon-Site-Logo\"><\/i>\t\t\t\t\t\t<\/span>\n\t\t\t\t\t\t\t\t\t\t<span class=\"elementor-icon-list-text\">Le Deuil<\/span>\n\t\t\t\t\t\t\t\t\t\t\t<\/a>\n\t\t\t\t\t\t\t\t\t<\/li>\n\t\t\t\t\t\t\t\t<li class=\"elementor-icon-list-item\">\n\t\t\t\t\t\t\t\t\t\t\t<a href=\"https:\/\/mondeuil.ca\/\" target=\"_blank\" rel=\"nofollow\">\n\n\t\t\t\t\t\t\t\t\t\t\t\t<span class=\"elementor-icon-list-icon\">\n\t\t\t\t\t\t\t<i aria-hidden=\"true\" class=\"rtmicon rtmicon-Site-Logo\"><\/i>\t\t\t\t\t\t<\/span>\n\t\t\t\t\t\t\t\t\t\t<span class=\"elementor-icon-list-text\">Mon Deuil<\/span>\n\t\t\t\t\t\t\t\t\t\t\t<\/a>\n\t\t\t\t\t\t\t\t\t<\/li>\n\t\t\t\t\t\t\t\t<li class=\"elementor-icon-list-item\">\n\t\t\t\t\t\t\t\t\t\t\t<a href=\"https:\/\/nb.211.ca\/recherche\/\" target=\"_blank\" rel=\"nofollow\">\n\n\t\t\t\t\t\t\t\t\t\t\t\t<span class=\"elementor-icon-list-icon\">\n\t\t\t\t\t\t\t<i aria-hidden=\"true\" class=\"rtmicon rtmicon-Site-Logo\"><\/i>\t\t\t\t\t\t<\/span>\n\t\t\t\t\t\t\t\t\t\t<span class=\"elementor-icon-list-text\">NB 211<\/span>\n\t\t\t\t\t\t\t\t\t\t\t<\/a>\n\t\t\t\t\t\t\t\t\t<\/li>\n\t\t\t\t\t\t\t\t<li class=\"elementor-icon-list-item\">\n\t\t\t\t\t\t\t\t\t\t\t<a href=\"https:\/\/www.gnb.ca\/fr\/sujet\/sante-mieux-etre\/gestion-sante-maladies\/soins-palliatifs\/ressources-deuil.html\" target=\"_blank\" rel=\"nofollow\">\n\n\t\t\t\t\t\t\t\t\t\t\t\t<span class=\"elementor-icon-list-icon\">\n\t\t\t\t\t\t\t<i aria-hidden=\"true\" class=\"rtmicon rtmicon-Site-Logo\"><\/i>\t\t\t\t\t\t<\/span>\n\t\t\t\t\t\t\t\t\t\t<span class=\"elementor-icon-list-text\">Ressources sur le deuil provinciales du gouvernement du Nouveau-Brunswick<\/span>\n\t\t\t\t\t\t\t\t\t\t\t<\/a>\n\t\t\t\t\t\t\t\t\t<\/li>\n\t\t\t\t\t\t<\/ul>\n\t\t\t\t\t\t<\/div>\n\t\t\t\t<\/div>\n\t\t\t\t\t<\/div>\n\t\t<\/div>\n\t\t\t\t\t<\/div>\n\t\t<\/section>\n\t\t\t\t\t<\/div>\n\t\t<\/div>\n\t\t\t\t\t<\/div>\n\t\t<\/section>\n\t\t\t\t<\/div>","protected":false},"excerpt":{"rendered":"<p>Resources General Public Canadian Hospice Palliative Care Association Canadian Virtual Hospice Vitalit\u00e9 Health Network Horizon Health Network New Brunswick Hospice Palliative Care Association About Grief My Grief NB 211 Services [&hellip;]<\/p>\n","protected":false},"author":3,"featured_media":4635,"parent":252,"menu_order":0,"comment_status":"closed","ping_status":"closed","template":"elementor_header_footer","meta":{"footnotes":""},"class_list":["post-705","page","type-page","status-publish","has-post-thumbnail","hentry"],"yoast_head":"<!-- This site is optimized with the Yoast SEO plugin v27.5 - https:\/\/yoast.com\/product\/yoast-seo-wordpress\/ -->\n<title>For the Public - Hospice SENB<\/title>\n<meta name=\"robots\" content=\"index, follow, max-snippet:-1, max-image-preview:large, max-video-preview:-1\" \/>\n<link rel=\"canonical\" href=\"https:\/\/hospicesenb.ca\/fr_ca\/community-programs\/for-the-public\/\" \/>\n<meta property=\"og:locale\" content=\"fr_CA\" \/>\n<meta property=\"og:type\" content=\"article\" \/>\n<meta property=\"og:title\" content=\"For the Public - Hospice SENB\" \/>\n<meta property=\"og:description\" content=\"Resources General Public Canadian Hospice Palliative Care Association Canadian Virtual Hospice Vitalit\u00e9 Health Network Horizon Health Network New Brunswick Hospice Palliative Care Association About Grief My Grief NB 211 Services [&hellip;]\" \/>\n<meta property=\"og:url\" content=\"https:\/\/hospicesenb.ca\/fr_ca\/community-programs\/for-the-public\/\" \/>\n<meta property=\"og:site_name\" content=\"Hospice SENB\" \/>\n<meta property=\"article:modified_time\" content=\"2026-03-06T12:54:22+00:00\" \/>\n<meta property=\"og:image\" content=\"https:\/\/hospicesenb.ca\/wp-content\/uploads\/2023\/10\/Jobs-Opening.jpg\" \/>\n\t<meta property=\"og:image:width\" content=\"1500\" \/>\n\t<meta property=\"og:image:height\" content=\"1000\" \/>\n\t<meta property=\"og:image:type\" content=\"image\/jpeg\" \/>\n<meta name=\"twitter:card\" content=\"summary_large_image\" \/>\n<meta name=\"twitter:label1\" content=\"Estimation du temps de lecture\" \/>\n\t<meta name=\"twitter:data1\" content=\"1 minute\" \/>\n<script type=\"application\/ld+json\" class=\"yoast-schema-graph\">{\"@context\":\"https:\\\/\\\/schema.org\",\"@graph\":[{\"@type\":\"WebPage\",\"@id\":\"https:\\\/\\\/hospicesenb.ca\\\/community-programs\\\/for-the-public\\\/\",\"url\":\"https:\\\/\\\/hospicesenb.ca\\\/community-programs\\\/for-the-public\\\/\",\"name\":\"For the Public - Hospice SENB\",\"isPartOf\":{\"@id\":\"https:\\\/\\\/hospicesenb.ca\\\/#website\"},\"primaryImageOfPage\":{\"@id\":\"https:\\\/\\\/hospicesenb.ca\\\/community-programs\\\/for-the-public\\\/#primaryimage\"},\"image\":{\"@id\":\"https:\\\/\\\/hospicesenb.ca\\\/community-programs\\\/for-the-public\\\/#primaryimage\"},\"thumbnailUrl\":\"https:\\\/\\\/hospicesenb.ca\\\/wp-content\\\/uploads\\\/2023\\\/10\\\/Jobs-Opening.jpg\",\"datePublished\":\"2023-09-15T16:05:58+00:00\",\"dateModified\":\"2026-03-06T12:54:22+00:00\",\"breadcrumb\":{\"@id\":\"https:\\\/\\\/hospicesenb.ca\\\/community-programs\\\/for-the-public\\\/#breadcrumb\"},\"inLanguage\":\"fr-CA\",\"potentialAction\":[{\"@type\":\"ReadAction\",\"target\":[\"https:\\\/\\\/hospicesenb.ca\\\/community-programs\\\/for-the-public\\\/\"]}]},{\"@type\":\"ImageObject\",\"inLanguage\":\"fr-CA\",\"@id\":\"https:\\\/\\\/hospicesenb.ca\\\/community-programs\\\/for-the-public\\\/#primaryimage\",\"url\":\"https:\\\/\\\/hospicesenb.ca\\\/wp-content\\\/uploads\\\/2023\\\/10\\\/Jobs-Opening.jpg\",\"contentUrl\":\"https:\\\/\\\/hospicesenb.ca\\\/wp-content\\\/uploads\\\/2023\\\/10\\\/Jobs-Opening.jpg\",\"width\":1500,\"height\":1000,\"caption\":\"For the public\"},{\"@type\":\"BreadcrumbList\",\"@id\":\"https:\\\/\\\/hospicesenb.ca\\\/community-programs\\\/for-the-public\\\/#breadcrumb\",\"itemListElement\":[{\"@type\":\"ListItem\",\"position\":1,\"name\":\"Home\",\"item\":\"https:\\\/\\\/hospicesenb.ca\\\/\"},{\"@type\":\"ListItem\",\"position\":2,\"name\":\"Community Programs\",\"item\":\"https:\\\/\\\/hospicesenb.ca\\\/community-programs\\\/\"},{\"@type\":\"ListItem\",\"position\":3,\"name\":\"For the Public\"}]},{\"@type\":\"WebSite\",\"@id\":\"https:\\\/\\\/hospicesenb.ca\\\/#website\",\"url\":\"https:\\\/\\\/hospicesenb.ca\\\/\",\"name\":\"Hospice SENB\",\"description\":\"\",\"publisher\":{\"@id\":\"https:\\\/\\\/hospicesenb.ca\\\/#organization\"},\"potentialAction\":[{\"@type\":\"SearchAction\",\"target\":{\"@type\":\"EntryPoint\",\"urlTemplate\":\"https:\\\/\\\/hospicesenb.ca\\\/?s={search_term_string}\"},\"query-input\":{\"@type\":\"PropertyValueSpecification\",\"valueRequired\":true,\"valueName\":\"search_term_string\"}}],\"inLanguage\":\"fr-CA\"},{\"@type\":\"Organization\",\"@id\":\"https:\\\/\\\/hospicesenb.ca\\\/#organization\",\"name\":\"Hospice SENB\",\"url\":\"https:\\\/\\\/hospicesenb.ca\\\/\",\"logo\":{\"@type\":\"ImageObject\",\"inLanguage\":\"fr-CA\",\"@id\":\"https:\\\/\\\/hospicesenb.ca\\\/#\\\/schema\\\/logo\\\/image\\\/\",\"url\":\"https:\\\/\\\/hospicesenb.ca\\\/wp-content\\\/uploads\\\/2023\\\/09\\\/Hospice-Logo-Dark.webp\",\"contentUrl\":\"https:\\\/\\\/hospicesenb.ca\\\/wp-content\\\/uploads\\\/2023\\\/09\\\/Hospice-Logo-Dark.webp\",\"width\":578,\"height\":336,\"caption\":\"Hospice SENB\"},\"image\":{\"@id\":\"https:\\\/\\\/hospicesenb.ca\\\/#\\\/schema\\\/logo\\\/image\\\/\"}}]}<\/script>\n<!-- \/ Yoast SEO plugin. -->","yoast_head_json":{"title":"For the Public - Hospice SENB","robots":{"index":"index","follow":"follow","max-snippet":"max-snippet:-1","max-image-preview":"max-image-preview:large","max-video-preview":"max-video-preview:-1"},"canonical":"https:\/\/hospicesenb.ca\/fr_ca\/community-programs\/for-the-public\/","og_locale":"fr_CA","og_type":"article","og_title":"For the Public - Hospice SENB","og_description":"Resources General Public Canadian Hospice Palliative Care Association Canadian Virtual Hospice Vitalit\u00e9 Health Network Horizon Health Network New Brunswick Hospice Palliative Care Association About Grief My Grief NB 211 Services [&hellip;]","og_url":"https:\/\/hospicesenb.ca\/fr_ca\/community-programs\/for-the-public\/","og_site_name":"Hospice SENB","article_modified_time":"2026-03-06T12:54:22+00:00","og_image":[{"width":1500,"height":1000,"url":"https:\/\/hospicesenb.ca\/wp-content\/uploads\/2023\/10\/Jobs-Opening.jpg","type":"image\/jpeg"}],"twitter_card":"summary_large_image","twitter_misc":{"Estimation du temps de lecture":"1 minute"},"schema":{"@context":"https:\/\/schema.org","@graph":[{"@type":"WebPage","@id":"https:\/\/hospicesenb.ca\/community-programs\/for-the-public\/","url":"https:\/\/hospicesenb.ca\/community-programs\/for-the-public\/","name":"For the Public - Hospice SENB","isPartOf":{"@id":"https:\/\/hospicesenb.ca\/#website"},"primaryImageOfPage":{"@id":"https:\/\/hospicesenb.ca\/community-programs\/for-the-public\/#primaryimage"},"image":{"@id":"https:\/\/hospicesenb.ca\/community-programs\/for-the-public\/#primaryimage"},"thumbnailUrl":"https:\/\/hospicesenb.ca\/wp-content\/uploads\/2023\/10\/Jobs-Opening.jpg","datePublished":"2023-09-15T16:05:58+00:00","dateModified":"2026-03-06T12:54:22+00:00","breadcrumb":{"@id":"https:\/\/hospicesenb.ca\/community-programs\/for-the-public\/#breadcrumb"},"inLanguage":"fr-CA","potentialAction":[{"@type":"ReadAction","target":["https:\/\/hospicesenb.ca\/community-programs\/for-the-public\/"]}]},{"@type":"ImageObject","inLanguage":"fr-CA","@id":"https:\/\/hospicesenb.ca\/community-programs\/for-the-public\/#primaryimage","url":"https:\/\/hospicesenb.ca\/wp-content\/uploads\/2023\/10\/Jobs-Opening.jpg","contentUrl":"https:\/\/hospicesenb.ca\/wp-content\/uploads\/2023\/10\/Jobs-Opening.jpg","width":1500,"height":1000,"caption":"For the public"},{"@type":"BreadcrumbList","@id":"https:\/\/hospicesenb.ca\/community-programs\/for-the-public\/#breadcrumb","itemListElement":[{"@type":"ListItem","position":1,"name":"Home","item":"https:\/\/hospicesenb.ca\/"},{"@type":"ListItem","position":2,"name":"Community Programs","item":"https:\/\/hospicesenb.ca\/community-programs\/"},{"@type":"ListItem","position":3,"name":"For the Public"}]},{"@type":"WebSite","@id":"https:\/\/hospicesenb.ca\/#website","url":"https:\/\/hospicesenb.ca\/","name":"Hospice SENB","description":"","publisher":{"@id":"https:\/\/hospicesenb.ca\/#organization"},"potentialAction":[{"@type":"SearchAction","target":{"@type":"EntryPoint","urlTemplate":"https:\/\/hospicesenb.ca\/?s={search_term_string}"},"query-input":{"@type":"PropertyValueSpecification","valueRequired":true,"valueName":"search_term_string"}}],"inLanguage":"fr-CA"},{"@type":"Organization","@id":"https:\/\/hospicesenb.ca\/#organization","name":"Hospice SENB","url":"https:\/\/hospicesenb.ca\/","logo":{"@type":"ImageObject","inLanguage":"fr-CA","@id":"https:\/\/hospicesenb.ca\/#\/schema\/logo\/image\/","url":"https:\/\/hospicesenb.ca\/wp-content\/uploads\/2023\/09\/Hospice-Logo-Dark.webp","contentUrl":"https:\/\/hospicesenb.ca\/wp-content\/uploads\/2023\/09\/Hospice-Logo-Dark.webp","width":578,"height":336,"caption":"Hospice SENB"},"image":{"@id":"https:\/\/hospicesenb.ca\/#\/schema\/logo\/image\/"}}]}},"_links":{"self":[{"href":"https:\/\/hospicesenb.ca\/fr_ca\/wp-json\/wp\/v2\/pages\/705","targetHints":{"allow":["GET"]}}],"collection":[{"href":"https:\/\/hospicesenb.ca\/fr_ca\/wp-json\/wp\/v2\/pages"}],"about":[{"href":"https:\/\/hospicesenb.ca\/fr_ca\/wp-json\/wp\/v2\/types\/page"}],"author":[{"embeddable":true,"href":"https:\/\/hospicesenb.ca\/fr_ca\/wp-json\/wp\/v2\/users\/3"}],"replies":[{"embeddable":true,"href":"https:\/\/hospicesenb.ca\/fr_ca\/wp-json\/wp\/v2\/comments?post=705"}],"version-history":[{"count":23,"href":"https:\/\/hospicesenb.ca\/fr_ca\/wp-json\/wp\/v2\/pages\/705\/revisions"}],"predecessor-version":[{"id":16059,"href":"https:\/\/hospicesenb.ca\/fr_ca\/wp-json\/wp\/v2\/pages\/705\/revisions\/16059"}],"up":[{"embeddable":true,"href":"https:\/\/hospicesenb.ca\/fr_ca\/wp-json\/wp\/v2\/pages\/252"}],"wp:featuredmedia":[{"embeddable":true,"href":"https:\/\/hospicesenb.ca\/fr_ca\/wp-json\/wp\/v2\/media\/4635"}],"wp:attachment":[{"href":"https:\/\/hospicesenb.ca\/fr_ca\/wp-json\/wp\/v2\/media?parent=705"}],"curies":[{"name":"wp","href":"https:\/\/api.w.org\/{rel}","templated":true}]}}