{"id":15487,"date":"2025-04-09T17:24:21","date_gmt":"2025-04-09T17:24:21","guid":{"rendered":"https:\/\/hospicesenb.ca\/?page_id=15487"},"modified":"2026-04-09T18:58:44","modified_gmt":"2026-04-09T18:58:44","slug":"hospice-heroes-gala","status":"publish","type":"page","link":"https:\/\/hospicesenb.ca\/fr_ca\/events\/hospice-heroes-gala\/","title":{"rendered":"Gala des h\u00e9ros de l'Hospice"},"content":{"rendered":"<div data-elementor-type=\"wp-page\" data-elementor-id=\"15487\" class=\"elementor elementor-15487\" data-elementor-post-type=\"page\">\n\t\t\t\t<div class=\"elementor-element elementor-element-4a66253 e-flex e-con-boxed e-con e-parent\" data-id=\"4a66253\" data-element_type=\"container\" data-e-type=\"container\">\n\t\t\t\t\t<div class=\"e-con-inner\">\n\t\t\t\t<div class=\"elementor-element elementor-element-0ac53a8 elementor-widget elementor-widget-image\" data-id=\"0ac53a8\" data-element_type=\"widget\" data-e-type=\"widget\" data-widget_type=\"image.default\">\n\t\t\t\t<div class=\"elementor-widget-container\">\n\t\t\t\t\t\t\t\t\t\t\t\t\t\t\t\t<a href=\"http:\/\/weblink.donorperfect.com\/hospice-heroes-gala-2026\">\n\t\t\t\t\t\t\t<img fetchpriority=\"high\" decoding=\"async\" width=\"600\" height=\"528\" src=\"https:\/\/hospicesenb.ca\/wp-content\/uploads\/2026\/04\/Header.png\" class=\"attachment-large size-large wp-image-16070\" alt=\"\" srcset=\"https:\/\/hospicesenb.ca\/wp-content\/uploads\/2026\/04\/Header.png 600w, https:\/\/hospicesenb.ca\/wp-content\/uploads\/2026\/04\/Header-300x264.png 300w, https:\/\/hospicesenb.ca\/wp-content\/uploads\/2026\/04\/Header-14x12.png 14w\" sizes=\"(max-width: 600px) 100vw, 600px\" \/>\t\t\t\t\t\t\t\t<\/a>\n\t\t\t\t\t\t\t\t\t\t\t\t\t\t\t<\/div>\n\t\t\t\t<\/div>\n\t\t\t\t\t<\/div>\n\t\t\t\t<\/div>\n\t\t<div class=\"elementor-element elementor-element-48017f8 e-flex e-con-boxed e-con e-parent\" data-id=\"48017f8\" data-element_type=\"container\" data-e-type=\"container\">\n\t\t\t\t\t<div class=\"e-con-inner\">\n\t\t\t\t<div class=\"elementor-element elementor-element-9f93e4a elementor-widget-divider--view-line elementor-widget elementor-widget-divider\" data-id=\"9f93e4a\" data-element_type=\"widget\" data-e-type=\"widget\" data-widget_type=\"divider.default\">\n\t\t\t\t<div class=\"elementor-widget-container\">\n\t\t\t\t\t\t\t<div class=\"elementor-divider\">\n\t\t\t<span class=\"elementor-divider-separator\">\n\t\t\t\t\t\t<\/span>\n\t\t<\/div>\n\t\t\t\t\t\t<\/div>\n\t\t\t\t<\/div>\n\t\t\t\t\t<\/div>\n\t\t\t\t<\/div>\n\t\t<div class=\"elementor-element elementor-element-a9e8d2f e-flex e-con-boxed e-con e-parent\" data-id=\"a9e8d2f\" data-element_type=\"container\" data-e-type=\"container\">\n\t\t\t\t\t<div class=\"e-con-inner\">\n\t\t\t\t<div class=\"elementor-element elementor-element-5057306 elementor-icon-list--layout-traditional elementor-list-item-link-full_width elementor-widget elementor-widget-icon-list\" data-id=\"5057306\" data-element_type=\"widget\" data-e-type=\"widget\" data-widget_type=\"icon-list.default\">\n\t\t\t\t<div class=\"elementor-widget-container\">\n\t\t\t\t\t\t\t<ul class=\"elementor-icon-list-items\">\n\t\t\t\t\t\t\t<li class=\"elementor-icon-list-item\">\n\t\t\t\t\t\t\t\t\t\t\t<span class=\"elementor-icon-list-icon\">\n\t\t\t\t\t\t\t<i aria-hidden=\"true\" class=\"fas fa-circle\"><\/i>\t\t\t\t\t\t<\/span>\n\t\t\t\t\t\t\t\t\t\t<span class=\"elementor-icon-list-text\">Vous aurez l'occasion de rencontrer les membres fondateurs qui ont contribu\u00e9 \u00e0 la cr\u00e9ation de cette ressource communautaire essentielle<\/span>\n\t\t\t\t\t\t\t\t\t<\/li>\n\t\t\t\t\t\t\t\t<li class=\"elementor-icon-list-item\">\n\t\t\t\t\t\t\t\t\t\t\t<span class=\"elementor-icon-list-icon\">\n\t\t\t\t\t\t\t<i aria-hidden=\"true\" class=\"fas fa-circle\"><\/i>\t\t\t\t\t\t<\/span>\n\t\t\t\t\t\t\t\t\t\t<span class=\"elementor-icon-list-text\">D'entendre des t\u00e9moignages d'espoir et de r\u00e9silience de la part de personnes directement touch\u00e9es par les services de soins palliatifs<\/span>\n\t\t\t\t\t\t\t\t\t<\/li>\n\t\t\t\t\t\t<\/ul>\n\t\t\t\t\t\t<\/div>\n\t\t\t\t<\/div>\n\t\t\t\t<div class=\"elementor-element elementor-element-c9bca64 elementor-widget-divider--view-line elementor-widget elementor-widget-divider\" data-id=\"c9bca64\" data-element_type=\"widget\" data-e-type=\"widget\" data-widget_type=\"divider.default\">\n\t\t\t\t<div class=\"elementor-widget-container\">\n\t\t\t\t\t\t\t<div class=\"elementor-divider\">\n\t\t\t<span class=\"elementor-divider-separator\">\n\t\t\t\t\t\t<\/span>\n\t\t<\/div>\n\t\t\t\t\t\t<\/div>\n\t\t\t\t<\/div>\n\t\t\t\t<div class=\"elementor-element elementor-element-8d6a7e0 elementor-widget__width-auto elementor-widget elementor-widget-text-editor\" data-id=\"8d6a7e0\" data-element_type=\"widget\" data-e-type=\"widget\" data-widget_type=\"text-editor.default\">\n\t\t\t\t<div class=\"elementor-widget-container\">\n\t\t\t\t\t\t\t\t\t<p><strong>D\u00e9tails de l'\u00e9v\u00e9nement<\/strong><\/p><p>Date: May 21, 2026<br \/>Heure : 18h00<br \/>Location : Crowne Plaza Moncton Centre-ville<br \/>Addresse: 1005 rue Main, Moncton<\/p><p>\u00a0<\/p><p>La soir\u00e9e sera ponctu\u00e9e de musique, de rencontres, d'un souper et de remerciements sinc\u00e8res, le tout en soutien \u00e0 notre mission : offrir des soins empreints de compassion et de dignit\u00e9 aux personnes atteintes de maladies limitant l'esp\u00e9rance de vie.<\/p><p>\u00a0<\/p><p>Nous offrons deux fa\u00e7ons de soutenir l'\u00e9v\u00e9nement :<\/p><p>Table pour 8 : 1 000 $ OU Billets individuels : 125 $<\/p><p>\u00a0<\/p><p>Que vous participiez seul ou en tant qu'invit\u00e9 \u00e0 une table, votre participation contribuera \u00e0 am\u00e9liorer la vie des personnes que nous servons.\u00a0<\/p><p>\u00a0<\/p><p class=\"translation-block\">Joignez-vous \u00e0 nous en tant que commanditaire ! Communiquez avec Nick Scott \u00e0 nscott@hospicesenb.ca pour en savoir plus sur les possibilit\u00e9s de partenariat.<\/p>\t\t\t\t\t\t\t\t<\/div>\n\t\t\t\t<\/div>\n\t\t\t\t\t<\/div>\n\t\t\t\t<\/div>\n\t\t<div class=\"elementor-element elementor-element-ef37472 e-flex e-con-boxed e-con e-parent\" data-id=\"ef37472\" data-element_type=\"container\" data-e-type=\"container\">\n\t\t\t\t\t<div class=\"e-con-inner\">\n\t\t\t\t<div class=\"elementor-element elementor-element-ceb856d elementor-widget-divider--view-line elementor-widget elementor-widget-divider\" data-id=\"ceb856d\" data-element_type=\"widget\" data-e-type=\"widget\" data-widget_type=\"divider.default\">\n\t\t\t\t<div class=\"elementor-widget-container\">\n\t\t\t\t\t\t\t<div class=\"elementor-divider\">\n\t\t\t<span class=\"elementor-divider-separator\">\n\t\t\t\t\t\t<\/span>\n\t\t<\/div>\n\t\t\t\t\t\t<\/div>\n\t\t\t\t<\/div>\n\t\t<div class=\"elementor-element elementor-element-39daf15 e-con-full e-flex e-con e-child\" data-id=\"39daf15\" data-element_type=\"container\" data-e-type=\"container\">\n\t\t\t\t<div class=\"elementor-element elementor-element-753c8fa elementor-widget elementor-widget-rkit_image_gallery\" data-id=\"753c8fa\" data-element_type=\"widget\" data-e-type=\"widget\" data-widget_type=\"rkit_image_gallery.default\">\n\t\t\t\t<div class=\"elementor-widget-container\">\n\t\t\t\t\t\n        <div class=\"rkit-gallery-masonry-container\">\n            <div class=\"rkit-gallery-masonry grid\">\n                                    <div class=\"brick\">\n                        <div class=\"skeleton\"><\/div>\n                                                    <a data-elementor-open-lightbox=\"yes\" data-elementor-lightbox-slideshow=\"gallery\" href=\"https:\/\/hospicesenb.ca\/wp-content\/uploads\/2023\/11\/img-36-scaled.webp\">\n                                                        <img decoding=\"async\" src=\"https:\/\/hospicesenb.ca\/wp-content\/uploads\/2023\/11\/img-36-scaled.webp\"\n                                class=\"gallery_image  elementor-animation-grow\"\n                                alt=\"Gallery Image\"\n                                loading=\"lazy\"><\/img>\n                                                        <\/a>\n                                            <\/div>\n                                    <div class=\"brick\">\n                        <div class=\"skeleton\"><\/div>\n                                                    <a data-elementor-open-lightbox=\"yes\" data-elementor-lightbox-slideshow=\"gallery\" href=\"https:\/\/hospicesenb.ca\/wp-content\/uploads\/2023\/09\/Maison-Albert-House.webp\">\n                                                        <img decoding=\"async\" src=\"https:\/\/hospicesenb.ca\/wp-content\/uploads\/2023\/09\/Maison-Albert-House.webp\"\n                                class=\"gallery_image  elementor-animation-grow\"\n                                alt=\"Gallery Image\"\n                                loading=\"lazy\"><\/img>\n                                                        <\/a>\n                                            <\/div>\n                                    <div class=\"brick\">\n                        <div class=\"skeleton\"><\/div>\n                                                    <a data-elementor-open-lightbox=\"yes\" data-elementor-lightbox-slideshow=\"gallery\" href=\"https:\/\/hospicesenb.ca\/wp-content\/uploads\/2023\/11\/img-1-scaled.webp\">\n                                                        <img decoding=\"async\" src=\"https:\/\/hospicesenb.ca\/wp-content\/uploads\/2023\/11\/img-1-scaled.webp\"\n                                class=\"gallery_image  elementor-animation-grow\"\n                                alt=\"Gallery Image\"\n                                loading=\"lazy\"><\/img>\n                                                        <\/a>\n                                            <\/div>\n                \n            <\/div>\n        <\/div>\n\n\t\t\t\t<\/div>\n\t\t\t\t<\/div>\n\t\t\t\t<\/div>\n\t\t\t\t<div class=\"elementor-element elementor-element-84ef763 elementor-widget-divider--view-line elementor-widget elementor-widget-divider\" data-id=\"84ef763\" data-element_type=\"widget\" data-e-type=\"widget\" data-widget_type=\"divider.default\">\n\t\t\t\t<div class=\"elementor-widget-container\">\n\t\t\t\t\t\t\t<div class=\"elementor-divider\">\n\t\t\t<span class=\"elementor-divider-separator\">\n\t\t\t\t\t\t<\/span>\n\t\t<\/div>\n\t\t\t\t\t\t<\/div>\n\t\t\t\t<\/div>\n\t\t<div class=\"elementor-element elementor-element-9305813 e-con-full e-flex e-con e-child\" data-id=\"9305813\" data-element_type=\"container\" data-e-type=\"container\">\n\t\t\t\t<div class=\"elementor-element elementor-element-d08cc5b elementor-align-center elementor-widget elementor-widget-button\" data-id=\"d08cc5b\" data-element_type=\"widget\" data-e-type=\"widget\" data-widget_type=\"button.default\">\n\t\t\t\t<div class=\"elementor-widget-container\">\n\t\t\t\t\t\t\t\t\t<div class=\"elementor-button-wrapper\">\n\t\t\t\t\t<a class=\"elementor-button elementor-button-link elementor-size-sm\" href=\"http:\/\/weblink.donorperfect.com\/hospice-heroes-gala-2026\">\n\t\t\t\t\t\t<span class=\"elementor-button-content-wrapper\">\n\t\t\t\t\t\t\t\t\t<span class=\"elementor-button-text\">Obtenez vos billets<\/span>\n\t\t\t\t\t<\/span>\n\t\t\t\t\t<\/a>\n\t\t\t\t<\/div>\n\t\t\t\t\t\t\t\t<\/div>\n\t\t\t\t<\/div>\n\t\t\t\t<div class=\"elementor-element elementor-element-7489fcd elementor-widget-divider--view-line elementor-widget elementor-widget-divider\" data-id=\"7489fcd\" data-element_type=\"widget\" data-e-type=\"widget\" data-widget_type=\"divider.default\">\n\t\t\t\t<div class=\"elementor-widget-container\">\n\t\t\t\t\t\t\t<div class=\"elementor-divider\">\n\t\t\t<span class=\"elementor-divider-separator\">\n\t\t\t\t\t\t<\/span>\n\t\t<\/div>\n\t\t\t\t\t\t<\/div>\n\t\t\t\t<\/div>\n\t\t\t\t<\/div>\n\t\t\t\t<div class=\"elementor-element elementor-element-01137e7 elementor-widget__width-auto elementor-widget elementor-widget-text-editor\" data-id=\"01137e7\" data-element_type=\"widget\" data-e-type=\"widget\" data-widget_type=\"text-editor.default\">\n\t\t\t\t<div class=\"elementor-widget-container\">\n\t\t\t\t\t\t\t\t\t<p>Proudly Presented<span style=\"letter-spacing: 0px;\">\u00a0By<\/span><\/p>\t\t\t\t\t\t\t\t<\/div>\n\t\t\t\t<\/div>\n\t\t\t\t<div class=\"elementor-element elementor-element-4567e74 elementor-widget elementor-widget-image\" data-id=\"4567e74\" data-element_type=\"widget\" data-e-type=\"widget\" data-widget_type=\"image.default\">\n\t\t\t\t<div class=\"elementor-widget-container\">\n\t\t\t\t\t\t\t\t\t\t\t\t\t\t\t<img decoding=\"async\" src=\"https:\/\/hospicesenb.ca\/wp-content\/uploads\/elementor\/thumbs\/Steph-Warman-IG-rlrkle5292i7ib9p1d21vn5hmggos3hw66blz7zt4o.jpg\" title=\"Steph Warman IG\" alt=\"Steph Warman IG\" loading=\"lazy\" \/>\t\t\t\t\t\t\t\t\t\t\t\t\t\t\t<\/div>\n\t\t\t\t<\/div>\n\t\t\t\t\t<\/div>\n\t\t\t\t<\/div>\n\t\t\t\t<\/div>","protected":false},"excerpt":{"rendered":"<p>Connect with the founding members who helped establish this essential community resource Hear first-hand stories of hope and resilience from individuals directly impacted by Hospice services Event Details: Date: May [&hellip;]<\/p>\n","protected":false},"author":8,"featured_media":15482,"parent":258,"menu_order":0,"comment_status":"closed","ping_status":"closed","template":"","meta":{"footnotes":""},"class_list":["post-15487","page","type-page","status-publish","has-post-thumbnail","hentry"],"yoast_head":"<!-- This site is optimized with the Yoast SEO plugin v27.4 - https:\/\/yoast.com\/product\/yoast-seo-wordpress\/ -->\n<title>Hospice Heroes Gala - Hospice SENB<\/title>\n<meta name=\"description\" content=\"Hospice Southeast New Brunswick&#039;s annual Holly HeART fundraiser in support of local hospice services in our region.\" \/>\n<meta name=\"robots\" content=\"index, follow, max-snippet:-1, max-image-preview:large, max-video-preview:-1\" \/>\n<link rel=\"canonical\" href=\"https:\/\/hospicesenb.ca\/fr_ca\/events\/hospice-heroes-gala\/\" \/>\n<meta property=\"og:locale\" content=\"fr_CA\" \/>\n<meta property=\"og:type\" content=\"article\" \/>\n<meta property=\"og:title\" content=\"Hospice Heroes Gala - Hospice SENB\" \/>\n<meta property=\"og:description\" content=\"Hospice Southeast New Brunswick&#039;s annual Holly HeART fundraiser in support of local hospice services in our region.\" \/>\n<meta property=\"og:url\" content=\"https:\/\/hospicesenb.ca\/fr_ca\/events\/hospice-heroes-gala\/\" \/>\n<meta property=\"og:site_name\" content=\"Hospice SENB\" \/>\n<meta property=\"article:modified_time\" content=\"2026-04-09T18:58:44+00:00\" \/>\n<meta property=\"og:image\" content=\"https:\/\/hospicesenb.ca\/wp-content\/uploads\/2025\/04\/HeroesGala2.png\" \/>\n\t<meta property=\"og:image:width\" content=\"940\" \/>\n\t<meta property=\"og:image:height\" content=\"788\" \/>\n\t<meta property=\"og:image:type\" content=\"image\/png\" \/>\n<meta name=\"twitter:card\" content=\"summary_large_image\" \/>\n<meta name=\"twitter:label1\" content=\"Estimation du temps de lecture\" \/>\n\t<meta name=\"twitter:data1\" content=\"2 minutes\" \/>\n<script type=\"application\/ld+json\" class=\"yoast-schema-graph\">{\"@context\":\"https:\\\/\\\/schema.org\",\"@graph\":[{\"@type\":\"WebPage\",\"@id\":\"https:\\\/\\\/hospicesenb.ca\\\/events\\\/hospice-heroes-gala\\\/\",\"url\":\"https:\\\/\\\/hospicesenb.ca\\\/events\\\/hospice-heroes-gala\\\/\",\"name\":\"Hospice Heroes Gala - Hospice SENB\",\"isPartOf\":{\"@id\":\"https:\\\/\\\/hospicesenb.ca\\\/#website\"},\"primaryImageOfPage\":{\"@id\":\"https:\\\/\\\/hospicesenb.ca\\\/events\\\/hospice-heroes-gala\\\/#primaryimage\"},\"image\":{\"@id\":\"https:\\\/\\\/hospicesenb.ca\\\/events\\\/hospice-heroes-gala\\\/#primaryimage\"},\"thumbnailUrl\":\"https:\\\/\\\/hospicesenb.ca\\\/wp-content\\\/uploads\\\/2025\\\/04\\\/HeroesGala2.png\",\"datePublished\":\"2025-04-09T17:24:21+00:00\",\"dateModified\":\"2026-04-09T18:58:44+00:00\",\"description\":\"Hospice Southeast New Brunswick's annual Holly HeART fundraiser in support of local hospice services in our region.\",\"breadcrumb\":{\"@id\":\"https:\\\/\\\/hospicesenb.ca\\\/events\\\/hospice-heroes-gala\\\/#breadcrumb\"},\"inLanguage\":\"fr-CA\",\"potentialAction\":[{\"@type\":\"ReadAction\",\"target\":[\"https:\\\/\\\/hospicesenb.ca\\\/events\\\/hospice-heroes-gala\\\/\"]}]},{\"@type\":\"ImageObject\",\"inLanguage\":\"fr-CA\",\"@id\":\"https:\\\/\\\/hospicesenb.ca\\\/events\\\/hospice-heroes-gala\\\/#primaryimage\",\"url\":\"https:\\\/\\\/hospicesenb.ca\\\/wp-content\\\/uploads\\\/2025\\\/04\\\/HeroesGala2.png\",\"contentUrl\":\"https:\\\/\\\/hospicesenb.ca\\\/wp-content\\\/uploads\\\/2025\\\/04\\\/HeroesGala2.png\",\"width\":940,\"height\":788},{\"@type\":\"BreadcrumbList\",\"@id\":\"https:\\\/\\\/hospicesenb.ca\\\/events\\\/hospice-heroes-gala\\\/#breadcrumb\",\"itemListElement\":[{\"@type\":\"ListItem\",\"position\":1,\"name\":\"Home\",\"item\":\"https:\\\/\\\/hospicesenb.ca\\\/\"},{\"@type\":\"ListItem\",\"position\":2,\"name\":\"Events\",\"item\":\"https:\\\/\\\/hospicesenb.ca\\\/events\\\/\"},{\"@type\":\"ListItem\",\"position\":3,\"name\":\"Hospice Heroes Gala\"}]},{\"@type\":\"WebSite\",\"@id\":\"https:\\\/\\\/hospicesenb.ca\\\/#website\",\"url\":\"https:\\\/\\\/hospicesenb.ca\\\/\",\"name\":\"Hospice SENB\",\"description\":\"\",\"publisher\":{\"@id\":\"https:\\\/\\\/hospicesenb.ca\\\/#organization\"},\"potentialAction\":[{\"@type\":\"SearchAction\",\"target\":{\"@type\":\"EntryPoint\",\"urlTemplate\":\"https:\\\/\\\/hospicesenb.ca\\\/?s={search_term_string}\"},\"query-input\":{\"@type\":\"PropertyValueSpecification\",\"valueRequired\":true,\"valueName\":\"search_term_string\"}}],\"inLanguage\":\"fr-CA\"},{\"@type\":\"Organization\",\"@id\":\"https:\\\/\\\/hospicesenb.ca\\\/#organization\",\"name\":\"Hospice SENB\",\"url\":\"https:\\\/\\\/hospicesenb.ca\\\/\",\"logo\":{\"@type\":\"ImageObject\",\"inLanguage\":\"fr-CA\",\"@id\":\"https:\\\/\\\/hospicesenb.ca\\\/#\\\/schema\\\/logo\\\/image\\\/\",\"url\":\"https:\\\/\\\/hospicesenb.ca\\\/wp-content\\\/uploads\\\/2023\\\/09\\\/Hospice-Logo-Dark.webp\",\"contentUrl\":\"https:\\\/\\\/hospicesenb.ca\\\/wp-content\\\/uploads\\\/2023\\\/09\\\/Hospice-Logo-Dark.webp\",\"width\":578,\"height\":336,\"caption\":\"Hospice SENB\"},\"image\":{\"@id\":\"https:\\\/\\\/hospicesenb.ca\\\/#\\\/schema\\\/logo\\\/image\\\/\"}}]}<\/script>\n<!-- \/ Yoast SEO plugin. -->","yoast_head_json":{"title":"Hospice Heroes Gala - Hospice SENB","description":"Hospice Southeast New Brunswick's annual Holly HeART fundraiser in support of local hospice services in our region.","robots":{"index":"index","follow":"follow","max-snippet":"max-snippet:-1","max-image-preview":"max-image-preview:large","max-video-preview":"max-video-preview:-1"},"canonical":"https:\/\/hospicesenb.ca\/fr_ca\/events\/hospice-heroes-gala\/","og_locale":"fr_CA","og_type":"article","og_title":"Hospice Heroes Gala - Hospice SENB","og_description":"Hospice Southeast New Brunswick's annual Holly HeART fundraiser in support of local hospice services in our region.","og_url":"https:\/\/hospicesenb.ca\/fr_ca\/events\/hospice-heroes-gala\/","og_site_name":"Hospice SENB","article_modified_time":"2026-04-09T18:58:44+00:00","og_image":[{"width":940,"height":788,"url":"https:\/\/hospicesenb.ca\/wp-content\/uploads\/2025\/04\/HeroesGala2.png","type":"image\/png"}],"twitter_card":"summary_large_image","twitter_misc":{"Estimation du temps de lecture":"2 minutes"},"schema":{"@context":"https:\/\/schema.org","@graph":[{"@type":"WebPage","@id":"https:\/\/hospicesenb.ca\/events\/hospice-heroes-gala\/","url":"https:\/\/hospicesenb.ca\/events\/hospice-heroes-gala\/","name":"Hospice Heroes Gala - Hospice SENB","isPartOf":{"@id":"https:\/\/hospicesenb.ca\/#website"},"primaryImageOfPage":{"@id":"https:\/\/hospicesenb.ca\/events\/hospice-heroes-gala\/#primaryimage"},"image":{"@id":"https:\/\/hospicesenb.ca\/events\/hospice-heroes-gala\/#primaryimage"},"thumbnailUrl":"https:\/\/hospicesenb.ca\/wp-content\/uploads\/2025\/04\/HeroesGala2.png","datePublished":"2025-04-09T17:24:21+00:00","dateModified":"2026-04-09T18:58:44+00:00","description":"Hospice Southeast New Brunswick's annual Holly HeART fundraiser in support of local hospice services in our region.","breadcrumb":{"@id":"https:\/\/hospicesenb.ca\/events\/hospice-heroes-gala\/#breadcrumb"},"inLanguage":"fr-CA","potentialAction":[{"@type":"ReadAction","target":["https:\/\/hospicesenb.ca\/events\/hospice-heroes-gala\/"]}]},{"@type":"ImageObject","inLanguage":"fr-CA","@id":"https:\/\/hospicesenb.ca\/events\/hospice-heroes-gala\/#primaryimage","url":"https:\/\/hospicesenb.ca\/wp-content\/uploads\/2025\/04\/HeroesGala2.png","contentUrl":"https:\/\/hospicesenb.ca\/wp-content\/uploads\/2025\/04\/HeroesGala2.png","width":940,"height":788},{"@type":"BreadcrumbList","@id":"https:\/\/hospicesenb.ca\/events\/hospice-heroes-gala\/#breadcrumb","itemListElement":[{"@type":"ListItem","position":1,"name":"Home","item":"https:\/\/hospicesenb.ca\/"},{"@type":"ListItem","position":2,"name":"Events","item":"https:\/\/hospicesenb.ca\/events\/"},{"@type":"ListItem","position":3,"name":"Hospice Heroes Gala"}]},{"@type":"WebSite","@id":"https:\/\/hospicesenb.ca\/#website","url":"https:\/\/hospicesenb.ca\/","name":"Hospice SENB","description":"","publisher":{"@id":"https:\/\/hospicesenb.ca\/#organization"},"potentialAction":[{"@type":"SearchAction","target":{"@type":"EntryPoint","urlTemplate":"https:\/\/hospicesenb.ca\/?s={search_term_string}"},"query-input":{"@type":"PropertyValueSpecification","valueRequired":true,"valueName":"search_term_string"}}],"inLanguage":"fr-CA"},{"@type":"Organization","@id":"https:\/\/hospicesenb.ca\/#organization","name":"Hospice SENB","url":"https:\/\/hospicesenb.ca\/","logo":{"@type":"ImageObject","inLanguage":"fr-CA","@id":"https:\/\/hospicesenb.ca\/#\/schema\/logo\/image\/","url":"https:\/\/hospicesenb.ca\/wp-content\/uploads\/2023\/09\/Hospice-Logo-Dark.webp","contentUrl":"https:\/\/hospicesenb.ca\/wp-content\/uploads\/2023\/09\/Hospice-Logo-Dark.webp","width":578,"height":336,"caption":"Hospice SENB"},"image":{"@id":"https:\/\/hospicesenb.ca\/#\/schema\/logo\/image\/"}}]}},"_links":{"self":[{"href":"https:\/\/hospicesenb.ca\/fr_ca\/wp-json\/wp\/v2\/pages\/15487","targetHints":{"allow":["GET"]}}],"collection":[{"href":"https:\/\/hospicesenb.ca\/fr_ca\/wp-json\/wp\/v2\/pages"}],"about":[{"href":"https:\/\/hospicesenb.ca\/fr_ca\/wp-json\/wp\/v2\/types\/page"}],"author":[{"embeddable":true,"href":"https:\/\/hospicesenb.ca\/fr_ca\/wp-json\/wp\/v2\/users\/8"}],"replies":[{"embeddable":true,"href":"https:\/\/hospicesenb.ca\/fr_ca\/wp-json\/wp\/v2\/comments?post=15487"}],"version-history":[{"count":42,"href":"https:\/\/hospicesenb.ca\/fr_ca\/wp-json\/wp\/v2\/pages\/15487\/revisions"}],"predecessor-version":[{"id":16079,"href":"https:\/\/hospicesenb.ca\/fr_ca\/wp-json\/wp\/v2\/pages\/15487\/revisions\/16079"}],"up":[{"embeddable":true,"href":"https:\/\/hospicesenb.ca\/fr_ca\/wp-json\/wp\/v2\/pages\/258"}],"wp:featuredmedia":[{"embeddable":true,"href":"https:\/\/hospicesenb.ca\/fr_ca\/wp-json\/wp\/v2\/media\/15482"}],"wp:attachment":[{"href":"https:\/\/hospicesenb.ca\/fr_ca\/wp-json\/wp\/v2\/media?parent=15487"}],"curies":[{"name":"wp","href":"https:\/\/api.w.org\/{rel}","templated":true}]}}