{"id":14408,"date":"2024-08-14T18:47:04","date_gmt":"2024-08-14T18:47:04","guid":{"rendered":"https:\/\/hospicesenb.ca\/?page_id=14408"},"modified":"2025-08-29T13:15:09","modified_gmt":"2025-08-29T13:15:09","slug":"walk","status":"publish","type":"page","link":"https:\/\/hospicesenb.ca\/fr_ca\/events\/walk\/","title":{"rendered":"Marche Comm\u00e9morative"},"content":{"rendered":"<div data-elementor-type=\"wp-page\" data-elementor-id=\"14408\" class=\"elementor elementor-14408\" data-elementor-post-type=\"page\">\n\t\t\t\t<div class=\"elementor-element elementor-element-07f22ca e-grid e-con-boxed e-con e-parent\" data-id=\"07f22ca\" data-element_type=\"container\" data-e-type=\"container\">\n\t\t\t\t\t<div class=\"e-con-inner\">\n\t\t\t\t<div class=\"elementor-element elementor-element-2697348 elementor-widget elementor-widget-image\" data-id=\"2697348\" data-element_type=\"widget\" data-e-type=\"widget\" data-widget_type=\"image.default\">\n\t\t\t\t<div class=\"elementor-widget-container\">\n\t\t\t\t\t\t\t\t\t\t\t\t\t\t\t\t<a href=\"https:\/\/www.canadahelps.org\/en\/charities\/hospicesenb\/p2p\/walk2025\/\" target=\"_blank\">\n\t\t\t\t\t\t\t<img fetchpriority=\"high\" decoding=\"async\" width=\"700\" height=\"400\" src=\"https:\/\/hospicesenb.ca\/wp-content\/uploads\/2025\/07\/Walk-Website-ParticipantTeam-Page-1.png\" class=\"attachment-large size-large wp-image-15727\" alt=\"\" srcset=\"https:\/\/hospicesenb.ca\/wp-content\/uploads\/2025\/07\/Walk-Website-ParticipantTeam-Page-1.png 700w, https:\/\/hospicesenb.ca\/wp-content\/uploads\/2025\/07\/Walk-Website-ParticipantTeam-Page-1-300x171.png 300w, https:\/\/hospicesenb.ca\/wp-content\/uploads\/2025\/07\/Walk-Website-ParticipantTeam-Page-1-18x10.png 18w, https:\/\/hospicesenb.ca\/wp-content\/uploads\/2025\/07\/Walk-Website-ParticipantTeam-Page-1-600x343.png 600w\" sizes=\"(max-width: 700px) 100vw, 700px\" \/>\t\t\t\t\t\t\t\t<\/a>\n\t\t\t\t\t\t\t\t\t\t\t\t\t\t\t<\/div>\n\t\t\t\t<\/div>\n\t\t\t\t<div class=\"elementor-element elementor-element-c9393ea elementor-widget elementor-widget-text-editor\" data-id=\"c9393ea\" data-element_type=\"widget\" data-e-type=\"widget\" data-widget_type=\"text-editor.default\">\n\t\t\t\t<div class=\"elementor-widget-container\">\n\t\t\t\t\t\t\t\t\t<div class=\"read-more read-more--open\" style=\"font-family: Lato, Arial, sans-serif; color: #000000; background-color: #ffffff; overflow: hidden; position: relative; transition: max-height 1.2s; max-height: 624px;\"><div id=\"expandableText\" class=\"read-more__content\" style=\"outline: #1466a9 dotted 2px; outline-offset: 3px;\" tabindex=\"0\" role=\"region\" aria-hidden=\"false\" aria-live=\"polite\" aria-labelledby=\"read-more-btn\"><p style=\"margin: 0px 0px 12px;\" data-pm-slice=\"1 1 []\">R\u00e9unissez votre famille, vos amis, vos coll\u00e8gues de travail et vos voisins, et pr\u00e9parez-vous pour une journ\u00e9e de divertissement r\u00e9confortant \u00e0 la\u00a0<strong>Marche comm\u00e9morative 2025 de l'Hospice SENB le 14 septembre !<\/strong>!<\/p><p style=\"margin: 0px 0px 12px;\">Rejoignez-nous au parc Centennial \u00e0 Moncton pour rendre hommage aux souvenirs de nos proches et soutenir une cause qui touche la vie de plusieurs personnes dans notre r\u00e9gion.<\/p><p style=\"margin: 0px 0px 12px;\"><strong>Une Marche pour Tous :<\/strong> Whether you\u2019re strolling, skipping, or dancing your way through, choose between a 1 km or 3 km walk at Centennial Park and enjoy the scenic views in good company!<\/p><p style=\"margin: 0px 0px 12px;\">*En raison de l\u2019interdiction de br\u00fblage provincial actuellement en vigueur, les barbecues de tout type ne sont pas permis dans les parcs de la Ville jusqu\u2019\u00e0 nouvel ordre. Par cons\u00e9quent, nous ne pourrons pas tenir le BBQ. <a href=\"https:\/\/www.moncton.ca\/en\/news-notices\/municipal-parks-and-trails-reopened-public\">https:\/\/www.moncton.ca\/en\/news-notices\/municipal-parks-and-trails-reopened-public<\/a>\u00a0<\/p><p style=\"margin: 0px 0px 12px;\"><strong>D\u00e9tails de l'\u00e9v\u00e9nement<\/strong><\/p><ul><li><strong>13 h \u00e0 13 h 45 : Inscription\u00a0<\/strong><\/li><li><strong>13 h 45 \u00e0 14 h : C\u00e9r\u00e9monie d'ouverture<\/strong><\/li><li><strong>14 h : Marche<\/strong><\/li><\/ul><p style=\"margin: 0px 0px 12px;\"><strong><br \/>Faites la Diff\u00e9rence :<\/strong>\u00a0L'inscription est gratuite, mais nous demandons \u00e0 chacun de s'engager \u00e0 collecter un minimum de 100 dollars par personne ou 500 dollars par \u00e9quipe. Les enfants et les amis \u00e0 quatre pattes sont les bienvenus pour partager l'exp\u00e9rience !<\/p><p style=\"margin: 0px 0px 12px;\">Faisons de cette journ\u00e9e un souvenir m\u00e9morable, rempli de moments en famille, de plaisir et de souvenirs chers. La Marche comm\u00e9morative de l'Hospice SENB est l'occasion de partager, de soutenir et de profiter d'une exp\u00e9rience inoubliable ensemble.\u00a0<strong>Votre pr\u00e9sence et vos contributions ont un impact significatif, nous permettant de continuer \u00e0 fournir des soins et du r\u00e9confort essentiels gr\u00e2ce \u00e0 l'Hospice SENB.<\/strong><\/p><p style=\"margin: 0px;\"><strong>Vous ne pouvez pas participer en personne ?<\/strong>\u00a0Rejoignez-nous virtuellement ! Marchez \u00e0 votre mani\u00e8re et participez dans votre propre espace et temps tout en contribuant \u00e0 la cause et en faisant partie de l'effort collectif de la communaut\u00e9. Il suffit de s\u00e9lectionner l'option \"virtuel\" lors de l'inscription.<\/p><\/div><\/div>\t\t\t\t\t\t\t\t<\/div>\n\t\t\t\t<\/div>\n\t\t\t\t<div class=\"elementor-element elementor-element-d0f2ea3 elementor-align-center elementor-widget elementor-widget-button\" data-id=\"d0f2ea3\" data-element_type=\"widget\" data-e-type=\"widget\" data-widget_type=\"button.default\">\n\t\t\t\t<div class=\"elementor-widget-container\">\n\t\t\t\t\t\t\t\t\t<div class=\"elementor-button-wrapper\">\n\t\t\t\t\t<a class=\"elementor-button elementor-button-link elementor-size-sm\" href=\"https:\/\/www.canadahelps.org\/en\/charities\/hospicesenb\/p2p\/walk2025\/\" target=\"_blank\">\n\t\t\t\t\t\t<span class=\"elementor-button-content-wrapper\">\n\t\t\t\t\t\t\t\t\t<span class=\"elementor-button-text\">Inscrivez-vous ici<\/span>\n\t\t\t\t\t<\/span>\n\t\t\t\t\t<\/a>\n\t\t\t\t<\/div>\n\t\t\t\t\t\t\t\t<\/div>\n\t\t\t\t<\/div>\n\t\t\t\t\t<\/div>\n\t\t\t\t<\/div>\n\t\t\t\t<\/div>","protected":false},"excerpt":{"rendered":"<p>Gather your family, friends, co-workers, and neighbours, and get ready for a day of heartwarming fun at the\u00a02025 Hospice SENB Memorial Walk on September 14! Join us at Centennial Park [&hellip;]<\/p>\n","protected":false},"author":3,"featured_media":15748,"parent":258,"menu_order":0,"comment_status":"closed","ping_status":"closed","template":"","meta":{"footnotes":""},"class_list":["post-14408","page","type-page","status-publish","has-post-thumbnail","hentry"],"yoast_head":"<!-- This site is optimized with the Yoast SEO plugin v27.4 - https:\/\/yoast.com\/product\/yoast-seo-wordpress\/ -->\n<title>Memorial Walk - Hospice SENB<\/title>\n<meta name=\"description\" content=\"Hospice Southeast New Brunswick&#039;s annual Memorial Walk fundraiser in support of local hospice services in our region.\" \/>\n<meta name=\"robots\" content=\"index, follow, max-snippet:-1, max-image-preview:large, max-video-preview:-1\" \/>\n<link rel=\"canonical\" href=\"https:\/\/hospicesenb.ca\/fr_ca\/events\/walk\/\" \/>\n<meta property=\"og:locale\" content=\"fr_CA\" \/>\n<meta property=\"og:type\" content=\"article\" \/>\n<meta property=\"og:title\" content=\"Memorial Walk - Hospice SENB\" \/>\n<meta property=\"og:description\" content=\"Hospice Southeast New Brunswick&#039;s annual Memorial Walk fundraiser in support of local hospice services in our region.\" \/>\n<meta property=\"og:url\" content=\"https:\/\/hospicesenb.ca\/fr_ca\/events\/walk\/\" \/>\n<meta property=\"og:site_name\" content=\"Hospice SENB\" \/>\n<meta property=\"article:modified_time\" content=\"2025-08-29T13:15:09+00:00\" \/>\n<meta property=\"og:image\" content=\"https:\/\/hospicesenb.ca\/wp-content\/uploads\/2025\/08\/Walk-Website-ParticipantTeam-Page-2.png\" \/>\n\t<meta property=\"og:image:width\" content=\"700\" \/>\n\t<meta property=\"og:image:height\" content=\"400\" \/>\n\t<meta property=\"og:image:type\" content=\"image\/png\" \/>\n<meta name=\"twitter:card\" content=\"summary_large_image\" \/>\n<meta name=\"twitter:label1\" content=\"Estimation du temps de lecture\" \/>\n\t<meta name=\"twitter:data1\" content=\"2 minutes\" \/>\n<script type=\"application\/ld+json\" class=\"yoast-schema-graph\">{\"@context\":\"https:\\\/\\\/schema.org\",\"@graph\":[{\"@type\":\"WebPage\",\"@id\":\"https:\\\/\\\/hospicesenb.ca\\\/events\\\/walk\\\/\",\"url\":\"https:\\\/\\\/hospicesenb.ca\\\/events\\\/walk\\\/\",\"name\":\"Memorial Walk - Hospice SENB\",\"isPartOf\":{\"@id\":\"https:\\\/\\\/hospicesenb.ca\\\/#website\"},\"primaryImageOfPage\":{\"@id\":\"https:\\\/\\\/hospicesenb.ca\\\/events\\\/walk\\\/#primaryimage\"},\"image\":{\"@id\":\"https:\\\/\\\/hospicesenb.ca\\\/events\\\/walk\\\/#primaryimage\"},\"thumbnailUrl\":\"https:\\\/\\\/hospicesenb.ca\\\/wp-content\\\/uploads\\\/2025\\\/08\\\/Walk-Website-ParticipantTeam-Page-2.png\",\"datePublished\":\"2024-08-14T18:47:04+00:00\",\"dateModified\":\"2025-08-29T13:15:09+00:00\",\"description\":\"Hospice Southeast New Brunswick's annual Memorial Walk fundraiser in support of local hospice services in our region.\",\"breadcrumb\":{\"@id\":\"https:\\\/\\\/hospicesenb.ca\\\/events\\\/walk\\\/#breadcrumb\"},\"inLanguage\":\"fr-CA\",\"potentialAction\":[{\"@type\":\"ReadAction\",\"target\":[\"https:\\\/\\\/hospicesenb.ca\\\/events\\\/walk\\\/\"]}]},{\"@type\":\"ImageObject\",\"inLanguage\":\"fr-CA\",\"@id\":\"https:\\\/\\\/hospicesenb.ca\\\/events\\\/walk\\\/#primaryimage\",\"url\":\"https:\\\/\\\/hospicesenb.ca\\\/wp-content\\\/uploads\\\/2025\\\/08\\\/Walk-Website-ParticipantTeam-Page-2.png\",\"contentUrl\":\"https:\\\/\\\/hospicesenb.ca\\\/wp-content\\\/uploads\\\/2025\\\/08\\\/Walk-Website-ParticipantTeam-Page-2.png\",\"width\":700,\"height\":400},{\"@type\":\"BreadcrumbList\",\"@id\":\"https:\\\/\\\/hospicesenb.ca\\\/events\\\/walk\\\/#breadcrumb\",\"itemListElement\":[{\"@type\":\"ListItem\",\"position\":1,\"name\":\"Home\",\"item\":\"https:\\\/\\\/hospicesenb.ca\\\/\"},{\"@type\":\"ListItem\",\"position\":2,\"name\":\"Events\",\"item\":\"https:\\\/\\\/hospicesenb.ca\\\/events\\\/\"},{\"@type\":\"ListItem\",\"position\":3,\"name\":\"Memorial Walk\"}]},{\"@type\":\"WebSite\",\"@id\":\"https:\\\/\\\/hospicesenb.ca\\\/#website\",\"url\":\"https:\\\/\\\/hospicesenb.ca\\\/\",\"name\":\"Hospice SENB\",\"description\":\"\",\"publisher\":{\"@id\":\"https:\\\/\\\/hospicesenb.ca\\\/#organization\"},\"potentialAction\":[{\"@type\":\"SearchAction\",\"target\":{\"@type\":\"EntryPoint\",\"urlTemplate\":\"https:\\\/\\\/hospicesenb.ca\\\/?s={search_term_string}\"},\"query-input\":{\"@type\":\"PropertyValueSpecification\",\"valueRequired\":true,\"valueName\":\"search_term_string\"}}],\"inLanguage\":\"fr-CA\"},{\"@type\":\"Organization\",\"@id\":\"https:\\\/\\\/hospicesenb.ca\\\/#organization\",\"name\":\"Hospice SENB\",\"url\":\"https:\\\/\\\/hospicesenb.ca\\\/\",\"logo\":{\"@type\":\"ImageObject\",\"inLanguage\":\"fr-CA\",\"@id\":\"https:\\\/\\\/hospicesenb.ca\\\/#\\\/schema\\\/logo\\\/image\\\/\",\"url\":\"https:\\\/\\\/hospicesenb.ca\\\/wp-content\\\/uploads\\\/2023\\\/09\\\/Hospice-Logo-Dark.webp\",\"contentUrl\":\"https:\\\/\\\/hospicesenb.ca\\\/wp-content\\\/uploads\\\/2023\\\/09\\\/Hospice-Logo-Dark.webp\",\"width\":578,\"height\":336,\"caption\":\"Hospice SENB\"},\"image\":{\"@id\":\"https:\\\/\\\/hospicesenb.ca\\\/#\\\/schema\\\/logo\\\/image\\\/\"}}]}<\/script>\n<!-- \/ Yoast SEO plugin. -->","yoast_head_json":{"title":"Memorial Walk - Hospice SENB","description":"Hospice Southeast New Brunswick's annual Memorial Walk fundraiser in support of local hospice services in our region.","robots":{"index":"index","follow":"follow","max-snippet":"max-snippet:-1","max-image-preview":"max-image-preview:large","max-video-preview":"max-video-preview:-1"},"canonical":"https:\/\/hospicesenb.ca\/fr_ca\/events\/walk\/","og_locale":"fr_CA","og_type":"article","og_title":"Memorial Walk - Hospice SENB","og_description":"Hospice Southeast New Brunswick's annual Memorial Walk fundraiser in support of local hospice services in our region.","og_url":"https:\/\/hospicesenb.ca\/fr_ca\/events\/walk\/","og_site_name":"Hospice SENB","article_modified_time":"2025-08-29T13:15:09+00:00","og_image":[{"width":700,"height":400,"url":"https:\/\/hospicesenb.ca\/wp-content\/uploads\/2025\/08\/Walk-Website-ParticipantTeam-Page-2.png","type":"image\/png"}],"twitter_card":"summary_large_image","twitter_misc":{"Estimation du temps de lecture":"2 minutes"},"schema":{"@context":"https:\/\/schema.org","@graph":[{"@type":"WebPage","@id":"https:\/\/hospicesenb.ca\/events\/walk\/","url":"https:\/\/hospicesenb.ca\/events\/walk\/","name":"Memorial Walk - Hospice SENB","isPartOf":{"@id":"https:\/\/hospicesenb.ca\/#website"},"primaryImageOfPage":{"@id":"https:\/\/hospicesenb.ca\/events\/walk\/#primaryimage"},"image":{"@id":"https:\/\/hospicesenb.ca\/events\/walk\/#primaryimage"},"thumbnailUrl":"https:\/\/hospicesenb.ca\/wp-content\/uploads\/2025\/08\/Walk-Website-ParticipantTeam-Page-2.png","datePublished":"2024-08-14T18:47:04+00:00","dateModified":"2025-08-29T13:15:09+00:00","description":"Hospice Southeast New Brunswick's annual Memorial Walk fundraiser in support of local hospice services in our region.","breadcrumb":{"@id":"https:\/\/hospicesenb.ca\/events\/walk\/#breadcrumb"},"inLanguage":"fr-CA","potentialAction":[{"@type":"ReadAction","target":["https:\/\/hospicesenb.ca\/events\/walk\/"]}]},{"@type":"ImageObject","inLanguage":"fr-CA","@id":"https:\/\/hospicesenb.ca\/events\/walk\/#primaryimage","url":"https:\/\/hospicesenb.ca\/wp-content\/uploads\/2025\/08\/Walk-Website-ParticipantTeam-Page-2.png","contentUrl":"https:\/\/hospicesenb.ca\/wp-content\/uploads\/2025\/08\/Walk-Website-ParticipantTeam-Page-2.png","width":700,"height":400},{"@type":"BreadcrumbList","@id":"https:\/\/hospicesenb.ca\/events\/walk\/#breadcrumb","itemListElement":[{"@type":"ListItem","position":1,"name":"Home","item":"https:\/\/hospicesenb.ca\/"},{"@type":"ListItem","position":2,"name":"Events","item":"https:\/\/hospicesenb.ca\/events\/"},{"@type":"ListItem","position":3,"name":"Memorial Walk"}]},{"@type":"WebSite","@id":"https:\/\/hospicesenb.ca\/#website","url":"https:\/\/hospicesenb.ca\/","name":"Hospice SENB","description":"","publisher":{"@id":"https:\/\/hospicesenb.ca\/#organization"},"potentialAction":[{"@type":"SearchAction","target":{"@type":"EntryPoint","urlTemplate":"https:\/\/hospicesenb.ca\/?s={search_term_string}"},"query-input":{"@type":"PropertyValueSpecification","valueRequired":true,"valueName":"search_term_string"}}],"inLanguage":"fr-CA"},{"@type":"Organization","@id":"https:\/\/hospicesenb.ca\/#organization","name":"Hospice SENB","url":"https:\/\/hospicesenb.ca\/","logo":{"@type":"ImageObject","inLanguage":"fr-CA","@id":"https:\/\/hospicesenb.ca\/#\/schema\/logo\/image\/","url":"https:\/\/hospicesenb.ca\/wp-content\/uploads\/2023\/09\/Hospice-Logo-Dark.webp","contentUrl":"https:\/\/hospicesenb.ca\/wp-content\/uploads\/2023\/09\/Hospice-Logo-Dark.webp","width":578,"height":336,"caption":"Hospice SENB"},"image":{"@id":"https:\/\/hospicesenb.ca\/#\/schema\/logo\/image\/"}}]}},"_links":{"self":[{"href":"https:\/\/hospicesenb.ca\/fr_ca\/wp-json\/wp\/v2\/pages\/14408","targetHints":{"allow":["GET"]}}],"collection":[{"href":"https:\/\/hospicesenb.ca\/fr_ca\/wp-json\/wp\/v2\/pages"}],"about":[{"href":"https:\/\/hospicesenb.ca\/fr_ca\/wp-json\/wp\/v2\/types\/page"}],"author":[{"embeddable":true,"href":"https:\/\/hospicesenb.ca\/fr_ca\/wp-json\/wp\/v2\/users\/3"}],"replies":[{"embeddable":true,"href":"https:\/\/hospicesenb.ca\/fr_ca\/wp-json\/wp\/v2\/comments?post=14408"}],"version-history":[{"count":40,"href":"https:\/\/hospicesenb.ca\/fr_ca\/wp-json\/wp\/v2\/pages\/14408\/revisions"}],"predecessor-version":[{"id":15820,"href":"https:\/\/hospicesenb.ca\/fr_ca\/wp-json\/wp\/v2\/pages\/14408\/revisions\/15820"}],"up":[{"embeddable":true,"href":"https:\/\/hospicesenb.ca\/fr_ca\/wp-json\/wp\/v2\/pages\/258"}],"wp:featuredmedia":[{"embeddable":true,"href":"https:\/\/hospicesenb.ca\/fr_ca\/wp-json\/wp\/v2\/media\/15748"}],"wp:attachment":[{"href":"https:\/\/hospicesenb.ca\/fr_ca\/wp-json\/wp\/v2\/media?parent=14408"}],"curies":[{"name":"wp","href":"https:\/\/api.w.org\/{rel}","templated":true}]}}