{"id":13908,"date":"2024-04-25T00:08:15","date_gmt":"2024-04-25T00:08:15","guid":{"rendered":"https:\/\/hospicesenb.ca\/?page_id=13908"},"modified":"2025-05-21T16:02:41","modified_gmt":"2025-05-21T16:02:41","slug":"golfer-registration","status":"publish","type":"page","link":"https:\/\/hospicesenb.ca\/fr_ca\/golfer-registration\/","title":{"rendered":"Inscription du golfeur"},"content":{"rendered":"<div data-elementor-type=\"wp-page\" data-elementor-id=\"13908\" class=\"elementor elementor-13908\" data-elementor-post-type=\"page\">\n\t\t\t\t\t\t<section class=\"elementor-section elementor-top-section elementor-element elementor-element-31f2f5b elementor-section-height-min-height elementor-section-boxed elementor-section-height-default elementor-section-items-middle\" data-id=\"31f2f5b\" data-element_type=\"section\" data-e-type=\"section\" data-settings=\"{&quot;background_background&quot;:&quot;classic&quot;}\">\n\t\t\t\t\t\t\t<div class=\"elementor-background-overlay\"><\/div>\n\t\t\t\t\t\t\t<div class=\"elementor-container elementor-column-gap-default\">\n\t\t\t\t\t<div class=\"elementor-column elementor-col-100 elementor-top-column elementor-element elementor-element-693d207\" data-id=\"693d207\" data-element_type=\"column\" data-e-type=\"column\">\n\t\t\t<div class=\"elementor-widget-wrap elementor-element-populated\">\n\t\t\t\t\t\t<div class=\"elementor-element elementor-element-c0e7023 elementor-widget elementor-widget-woocommerce-breadcrumb\" data-id=\"c0e7023\" data-element_type=\"widget\" data-e-type=\"widget\" data-widget_type=\"woocommerce-breadcrumb.default\">\n\t\t\t\t<div class=\"elementor-widget-container\">\n\t\t\t\t\t<nav class=\"woocommerce-breadcrumb\" aria-label=\"Breadcrumb\" data-no-translation=\"\" data-trp-gettext=\"\">Accueil<\/nav>\t\t\t\t<\/div>\n\t\t\t\t<\/div>\n\t\t\t\t\t<\/div>\n\t\t<\/div>\n\t\t\t\t\t<\/div>\n\t\t<\/section>\n\t\t\t\t<section class=\"elementor-section elementor-top-section elementor-element elementor-element-b83adcf elementor-section-boxed elementor-section-height-default elementor-section-height-default\" data-id=\"b83adcf\" data-element_type=\"section\" data-e-type=\"section\" data-settings=\"{&quot;background_background&quot;:&quot;classic&quot;}\">\n\t\t\t\t\t\t<div class=\"elementor-container elementor-column-gap-default\">\n\t\t\t\t\t<div class=\"elementor-column elementor-col-100 elementor-top-column elementor-element elementor-element-03d16f1\" data-id=\"03d16f1\" data-element_type=\"column\" data-e-type=\"column\">\n\t\t\t<div class=\"elementor-widget-wrap elementor-element-populated\">\n\t\t\t\t\t\t<div class=\"elementor-element elementor-element-3ef7bf0 elementor-widget elementor-widget-elementskit-heading\" data-id=\"3ef7bf0\" data-element_type=\"widget\" data-e-type=\"widget\" data-widget_type=\"elementskit-heading.default\">\n\t\t\t\t<div class=\"elementor-widget-container\">\n\t\t\t\t\t<div class=\"ekit-wid-con\" ><div class=\"ekit-heading elementskit-section-title-wraper text_center   ekit_heading_tablet-   ekit_heading_mobile-\"><h3 class=\"ekit-heading--title elementskit-section-title\">Hospice Memorial Golf Tournament<\/h3><div class=\"ekit_heading_separetor_wraper ekit_heading_elementskit-border-divider elementskit-style-long\"><div class=\"elementskit-border-divider elementskit-style-long\"><\/div><\/div><\/div><\/div>\t\t\t\t<\/div>\n\t\t\t\t<\/div>\n\t\t\t\t\t<\/div>\n\t\t<\/div>\n\t\t\t\t\t<\/div>\n\t\t<\/section>\n\t\t<div class=\"elementor-element elementor-element-72f12ba e-flex e-con-boxed e-con e-parent\" data-id=\"72f12ba\" data-element_type=\"container\" data-e-type=\"container\">\n\t\t\t\t\t<div class=\"e-con-inner\">\n\t\t<div class=\"elementor-element elementor-element-63cda1a e-con-full e-flex e-con e-child\" data-id=\"63cda1a\" data-element_type=\"container\" data-e-type=\"container\">\n\t\t\t\t<div class=\"elementor-element elementor-element-1ffb787 elementor-widget elementor-widget-image\" data-id=\"1ffb787\" data-element_type=\"widget\" data-e-type=\"widget\" data-widget_type=\"image.default\">\n\t\t\t\t<div class=\"elementor-widget-container\">\n\t\t\t\t\t\t\t\t\t\t\t\t\t\t\t\t<a href=\"http:\/\/weblink.donorperfect.com\/Golf2025\">\n\t\t\t\t\t\t\t<img fetchpriority=\"high\" decoding=\"async\" width=\"600\" height=\"314\" src=\"https:\/\/hospicesenb.ca\/wp-content\/uploads\/2025\/05\/2025-Golf-Facebook-600x314.png\" class=\"attachment-woocommerce_single size-woocommerce_single wp-image-15599\" alt=\"\" srcset=\"https:\/\/hospicesenb.ca\/wp-content\/uploads\/2025\/05\/2025-Golf-Facebook-600x314.png 600w, https:\/\/hospicesenb.ca\/wp-content\/uploads\/2025\/05\/2025-Golf-Facebook-300x157.png 300w, https:\/\/hospicesenb.ca\/wp-content\/uploads\/2025\/05\/2025-Golf-Facebook-1024x536.png 1024w, https:\/\/hospicesenb.ca\/wp-content\/uploads\/2025\/05\/2025-Golf-Facebook-768x402.png 768w, https:\/\/hospicesenb.ca\/wp-content\/uploads\/2025\/05\/2025-Golf-Facebook-1536x804.png 1536w, https:\/\/hospicesenb.ca\/wp-content\/uploads\/2025\/05\/2025-Golf-Facebook-18x9.png 18w, https:\/\/hospicesenb.ca\/wp-content\/uploads\/2025\/05\/2025-Golf-Facebook.png 1920w\" sizes=\"(max-width: 600px) 100vw, 600px\" \/>\t\t\t\t\t\t\t\t<\/a>\n\t\t\t\t\t\t\t\t\t\t\t\t\t\t\t<\/div>\n\t\t\t\t<\/div>\n\t\t\t\t<\/div>\n\t\t\t\t\t<\/div>\n\t\t\t\t<\/div>\n\t\t<div class=\"elementor-element elementor-element-63e69ee e-flex e-con-boxed e-con e-parent\" data-id=\"63e69ee\" data-element_type=\"container\" data-e-type=\"container\">\n\t\t\t\t\t<div class=\"e-con-inner\">\n\t\t\t\t<div class=\"elementor-element elementor-element-c8441f6 elementor-widget elementor-widget-text-editor\" data-id=\"c8441f6\" data-element_type=\"widget\" data-e-type=\"widget\" data-widget_type=\"text-editor.default\">\n\t\t\t\t<div class=\"elementor-widget-container\">\n\t\t\t\t\t\t\t\t\t<p data-pm-slice=\"1 1 []\"><strong>Les inscriptions pour notre \u00e9v\u00e9nement de 2025 sont maintenant ouvertes !<\/strong><\/p><p>Sponsoris\u00e9 par BMW Moncton, le tournoi de golf comm\u00e9moratif annuel de l\u2019Hospice Sud-Est du Nouveau-Brunswick aura lieu le jeudi 31 juillet 2025 au prestigieux Club de Golf Fox Creek.<\/p><p>L'inscription co\u00fbte 500 $ par joueur ou 2 000 $ par \u00e9quipe et vous recevrez tout ce dont vous avez besoin pour une fantastique journ\u00e9e de golf, y compris le petit-d\u00e9jeuner, le d\u00e9jeuner, les droits de jeu et le chariot de golf ; tout ce dont vous avez besoin, c'est de vos clubs de golf ! Une partie des frais d'inscription donne droit \u00e0 un re\u00e7u fiscal, ce qui vous permet de soutenir une bonne cause tout en jouant au golf avec des amis.<\/p><p>Inscrivez-vous en ligne ici : <a href=\"http:\/\/weblink.donorperfect.com\/Golf2025\">http:\/\/weblink.donorperfect.com\/Golf2025<\/a><\/p><p><a href=\"https:\/\/hospicesenb.ca\/wp-content\/uploads\/2025\/05\/FR-2025-Hospice-Memorial-Golf-Tournament-Sponsorship-Package-FINAL.pdf\" target=\"_blank\" rel=\"noopener\">Pour plus d'informations sur le parrainage, cliquez ici<\/a> ou contacter <a href=\"mailto:bmacfadyen@hospicesenb.ca\">Bonnie<\/a>.<\/p><p>Rendez-vous sur le parcours de golf !<\/p>\t\t\t\t\t\t\t\t<\/div>\n\t\t\t\t<\/div>\n\t\t\t\t\t<\/div>\n\t\t\t\t<\/div>\n\t\t\t\t<\/div>","protected":false},"excerpt":{"rendered":"<p>Hospice Memorial Golf Tournament Registration for our 2025 event is now open! Sponsored by BMW Moncton, the annual Hospice Southeast New Brunswick Memorial Golf Tournament will be held on Thursday, [&hellip;]<\/p>\n","protected":false},"author":3,"featured_media":216,"parent":0,"menu_order":0,"comment_status":"closed","ping_status":"closed","template":"elementor_header_footer","meta":{"footnotes":""},"class_list":["post-13908","page","type-page","status-publish","has-post-thumbnail","hentry"],"yoast_head":"<!-- This site is optimized with the Yoast SEO plugin v27.5 - https:\/\/yoast.com\/product\/yoast-seo-wordpress\/ -->\n<title>Golfer Registration - Hospice SENB<\/title>\n<meta name=\"robots\" content=\"index, follow, max-snippet:-1, max-image-preview:large, max-video-preview:-1\" \/>\n<link rel=\"canonical\" href=\"https:\/\/hospicesenb.ca\/fr_ca\/golfer-registration\/\" \/>\n<meta property=\"og:locale\" content=\"fr_CA\" \/>\n<meta property=\"og:type\" content=\"article\" \/>\n<meta property=\"og:title\" content=\"Golfer Registration - Hospice SENB\" \/>\n<meta property=\"og:description\" content=\"Hospice Memorial Golf Tournament Registration for our 2025 event is now open! Sponsored by BMW Moncton, the annual Hospice Southeast New Brunswick Memorial Golf Tournament will be held on Thursday, [&hellip;]\" \/>\n<meta property=\"og:url\" content=\"https:\/\/hospicesenb.ca\/fr_ca\/golfer-registration\/\" \/>\n<meta property=\"og:site_name\" content=\"Hospice SENB\" \/>\n<meta property=\"article:modified_time\" content=\"2025-05-21T16:02:41+00:00\" \/>\n<meta property=\"og:image\" content=\"https:\/\/hospicesenb.ca\/wp-content\/uploads\/2023\/09\/368009703_758778309586644_8174261427345970166_n-1.jpg\" \/>\n\t<meta property=\"og:image:width\" content=\"2048\" \/>\n\t<meta property=\"og:image:height\" content=\"1398\" \/>\n\t<meta property=\"og:image:type\" content=\"image\/jpeg\" \/>\n<meta name=\"twitter:card\" content=\"summary_large_image\" \/>\n<meta name=\"twitter:label1\" content=\"Estimation du temps de lecture\" \/>\n\t<meta name=\"twitter:data1\" content=\"1 minute\" \/>\n<script type=\"application\/ld+json\" class=\"yoast-schema-graph\">{\"@context\":\"https:\\\/\\\/schema.org\",\"@graph\":[{\"@type\":\"WebPage\",\"@id\":\"https:\\\/\\\/hospicesenb.ca\\\/golfer-registration\\\/\",\"url\":\"https:\\\/\\\/hospicesenb.ca\\\/golfer-registration\\\/\",\"name\":\"Golfer Registration - Hospice SENB\",\"isPartOf\":{\"@id\":\"https:\\\/\\\/hospicesenb.ca\\\/#website\"},\"primaryImageOfPage\":{\"@id\":\"https:\\\/\\\/hospicesenb.ca\\\/golfer-registration\\\/#primaryimage\"},\"image\":{\"@id\":\"https:\\\/\\\/hospicesenb.ca\\\/golfer-registration\\\/#primaryimage\"},\"thumbnailUrl\":\"https:\\\/\\\/hospicesenb.ca\\\/wp-content\\\/uploads\\\/2023\\\/09\\\/368009703_758778309586644_8174261427345970166_n-1.jpg\",\"datePublished\":\"2024-04-25T00:08:15+00:00\",\"dateModified\":\"2025-05-21T16:02:41+00:00\",\"breadcrumb\":{\"@id\":\"https:\\\/\\\/hospicesenb.ca\\\/golfer-registration\\\/#breadcrumb\"},\"inLanguage\":\"fr-CA\",\"potentialAction\":[{\"@type\":\"ReadAction\",\"target\":[\"https:\\\/\\\/hospicesenb.ca\\\/golfer-registration\\\/\"]}]},{\"@type\":\"ImageObject\",\"inLanguage\":\"fr-CA\",\"@id\":\"https:\\\/\\\/hospicesenb.ca\\\/golfer-registration\\\/#primaryimage\",\"url\":\"https:\\\/\\\/hospicesenb.ca\\\/wp-content\\\/uploads\\\/2023\\\/09\\\/368009703_758778309586644_8174261427345970166_n-1.jpg\",\"contentUrl\":\"https:\\\/\\\/hospicesenb.ca\\\/wp-content\\\/uploads\\\/2023\\\/09\\\/368009703_758778309586644_8174261427345970166_n-1.jpg\",\"width\":2048,\"height\":1398,\"caption\":\"Golf program\"},{\"@type\":\"BreadcrumbList\",\"@id\":\"https:\\\/\\\/hospicesenb.ca\\\/golfer-registration\\\/#breadcrumb\",\"itemListElement\":[{\"@type\":\"ListItem\",\"position\":1,\"name\":\"Home\",\"item\":\"https:\\\/\\\/hospicesenb.ca\\\/\"},{\"@type\":\"ListItem\",\"position\":2,\"name\":\"Golfer Registration\"}]},{\"@type\":\"WebSite\",\"@id\":\"https:\\\/\\\/hospicesenb.ca\\\/#website\",\"url\":\"https:\\\/\\\/hospicesenb.ca\\\/\",\"name\":\"Hospice SENB\",\"description\":\"\",\"publisher\":{\"@id\":\"https:\\\/\\\/hospicesenb.ca\\\/#organization\"},\"potentialAction\":[{\"@type\":\"SearchAction\",\"target\":{\"@type\":\"EntryPoint\",\"urlTemplate\":\"https:\\\/\\\/hospicesenb.ca\\\/?s={search_term_string}\"},\"query-input\":{\"@type\":\"PropertyValueSpecification\",\"valueRequired\":true,\"valueName\":\"search_term_string\"}}],\"inLanguage\":\"fr-CA\"},{\"@type\":\"Organization\",\"@id\":\"https:\\\/\\\/hospicesenb.ca\\\/#organization\",\"name\":\"Hospice SENB\",\"url\":\"https:\\\/\\\/hospicesenb.ca\\\/\",\"logo\":{\"@type\":\"ImageObject\",\"inLanguage\":\"fr-CA\",\"@id\":\"https:\\\/\\\/hospicesenb.ca\\\/#\\\/schema\\\/logo\\\/image\\\/\",\"url\":\"https:\\\/\\\/hospicesenb.ca\\\/wp-content\\\/uploads\\\/2023\\\/09\\\/Hospice-Logo-Dark.webp\",\"contentUrl\":\"https:\\\/\\\/hospicesenb.ca\\\/wp-content\\\/uploads\\\/2023\\\/09\\\/Hospice-Logo-Dark.webp\",\"width\":578,\"height\":336,\"caption\":\"Hospice SENB\"},\"image\":{\"@id\":\"https:\\\/\\\/hospicesenb.ca\\\/#\\\/schema\\\/logo\\\/image\\\/\"}}]}<\/script>\n<!-- \/ Yoast SEO plugin. -->","yoast_head_json":{"title":"Golfer Registration - Hospice SENB","robots":{"index":"index","follow":"follow","max-snippet":"max-snippet:-1","max-image-preview":"max-image-preview:large","max-video-preview":"max-video-preview:-1"},"canonical":"https:\/\/hospicesenb.ca\/fr_ca\/golfer-registration\/","og_locale":"fr_CA","og_type":"article","og_title":"Golfer Registration - Hospice SENB","og_description":"Hospice Memorial Golf Tournament Registration for our 2025 event is now open! Sponsored by BMW Moncton, the annual Hospice Southeast New Brunswick Memorial Golf Tournament will be held on Thursday, [&hellip;]","og_url":"https:\/\/hospicesenb.ca\/fr_ca\/golfer-registration\/","og_site_name":"Hospice SENB","article_modified_time":"2025-05-21T16:02:41+00:00","og_image":[{"width":2048,"height":1398,"url":"https:\/\/hospicesenb.ca\/wp-content\/uploads\/2023\/09\/368009703_758778309586644_8174261427345970166_n-1.jpg","type":"image\/jpeg"}],"twitter_card":"summary_large_image","twitter_misc":{"Estimation du temps de lecture":"1 minute"},"schema":{"@context":"https:\/\/schema.org","@graph":[{"@type":"WebPage","@id":"https:\/\/hospicesenb.ca\/golfer-registration\/","url":"https:\/\/hospicesenb.ca\/golfer-registration\/","name":"Golfer Registration - Hospice SENB","isPartOf":{"@id":"https:\/\/hospicesenb.ca\/#website"},"primaryImageOfPage":{"@id":"https:\/\/hospicesenb.ca\/golfer-registration\/#primaryimage"},"image":{"@id":"https:\/\/hospicesenb.ca\/golfer-registration\/#primaryimage"},"thumbnailUrl":"https:\/\/hospicesenb.ca\/wp-content\/uploads\/2023\/09\/368009703_758778309586644_8174261427345970166_n-1.jpg","datePublished":"2024-04-25T00:08:15+00:00","dateModified":"2025-05-21T16:02:41+00:00","breadcrumb":{"@id":"https:\/\/hospicesenb.ca\/golfer-registration\/#breadcrumb"},"inLanguage":"fr-CA","potentialAction":[{"@type":"ReadAction","target":["https:\/\/hospicesenb.ca\/golfer-registration\/"]}]},{"@type":"ImageObject","inLanguage":"fr-CA","@id":"https:\/\/hospicesenb.ca\/golfer-registration\/#primaryimage","url":"https:\/\/hospicesenb.ca\/wp-content\/uploads\/2023\/09\/368009703_758778309586644_8174261427345970166_n-1.jpg","contentUrl":"https:\/\/hospicesenb.ca\/wp-content\/uploads\/2023\/09\/368009703_758778309586644_8174261427345970166_n-1.jpg","width":2048,"height":1398,"caption":"Golf program"},{"@type":"BreadcrumbList","@id":"https:\/\/hospicesenb.ca\/golfer-registration\/#breadcrumb","itemListElement":[{"@type":"ListItem","position":1,"name":"Home","item":"https:\/\/hospicesenb.ca\/"},{"@type":"ListItem","position":2,"name":"Golfer Registration"}]},{"@type":"WebSite","@id":"https:\/\/hospicesenb.ca\/#website","url":"https:\/\/hospicesenb.ca\/","name":"Hospice SENB","description":"","publisher":{"@id":"https:\/\/hospicesenb.ca\/#organization"},"potentialAction":[{"@type":"SearchAction","target":{"@type":"EntryPoint","urlTemplate":"https:\/\/hospicesenb.ca\/?s={search_term_string}"},"query-input":{"@type":"PropertyValueSpecification","valueRequired":true,"valueName":"search_term_string"}}],"inLanguage":"fr-CA"},{"@type":"Organization","@id":"https:\/\/hospicesenb.ca\/#organization","name":"Hospice SENB","url":"https:\/\/hospicesenb.ca\/","logo":{"@type":"ImageObject","inLanguage":"fr-CA","@id":"https:\/\/hospicesenb.ca\/#\/schema\/logo\/image\/","url":"https:\/\/hospicesenb.ca\/wp-content\/uploads\/2023\/09\/Hospice-Logo-Dark.webp","contentUrl":"https:\/\/hospicesenb.ca\/wp-content\/uploads\/2023\/09\/Hospice-Logo-Dark.webp","width":578,"height":336,"caption":"Hospice SENB"},"image":{"@id":"https:\/\/hospicesenb.ca\/#\/schema\/logo\/image\/"}}]}},"_links":{"self":[{"href":"https:\/\/hospicesenb.ca\/fr_ca\/wp-json\/wp\/v2\/pages\/13908","targetHints":{"allow":["GET"]}}],"collection":[{"href":"https:\/\/hospicesenb.ca\/fr_ca\/wp-json\/wp\/v2\/pages"}],"about":[{"href":"https:\/\/hospicesenb.ca\/fr_ca\/wp-json\/wp\/v2\/types\/page"}],"author":[{"embeddable":true,"href":"https:\/\/hospicesenb.ca\/fr_ca\/wp-json\/wp\/v2\/users\/3"}],"replies":[{"embeddable":true,"href":"https:\/\/hospicesenb.ca\/fr_ca\/wp-json\/wp\/v2\/comments?post=13908"}],"version-history":[{"count":57,"href":"https:\/\/hospicesenb.ca\/fr_ca\/wp-json\/wp\/v2\/pages\/13908\/revisions"}],"predecessor-version":[{"id":16041,"href":"https:\/\/hospicesenb.ca\/fr_ca\/wp-json\/wp\/v2\/pages\/13908\/revisions\/16041"}],"wp:featuredmedia":[{"embeddable":true,"href":"https:\/\/hospicesenb.ca\/fr_ca\/wp-json\/wp\/v2\/media\/216"}],"wp:attachment":[{"href":"https:\/\/hospicesenb.ca\/fr_ca\/wp-json\/wp\/v2\/media?parent=13908"}],"curies":[{"name":"wp","href":"https:\/\/api.w.org\/{rel}","templated":true}]}}